{"id":1216,"date":"2015-01-15T19:19:49","date_gmt":"2015-01-16T02:19:49","guid":{"rendered":"https:\/\/alquilercasasdebrinco.com\/puertorico\/?page_id=1216"},"modified":"2026-01-22T15:04:46","modified_gmt":"2026-01-22T22:04:46","slug":"toy-story-13x13","status":"publish","type":"page","link":"https:\/\/alquilercasasdebrinco.com\/puertorico\/equipos-y-precios\/toy-story-13x13\/","title":{"rendered":"Toy Story 13&#215;13"},"content":{"rendered":"<div class=\"wp-block-image wp-duotone-unset-1\">\n<figure class=\"aligncenter size-full\"><a href=\"https:\/\/alquilercasasdebrinco.com\/puertorico\/wp-content\/uploads\/2015\/01\/toy-story-3-jump-l.jpg\"><img loading=\"lazy\" decoding=\"async\" width=\"395\" height=\"346\" src=\"https:\/\/alquilercasasdebrinco.com\/puertorico\/wp-content\/uploads\/2015\/01\/toy-story-3-jump-l.jpg\" alt=\"\" class=\"wp-image-1217\" srcset=\"https:\/\/alquilercasasdebrinco.com\/puertorico\/wp-content\/uploads\/2015\/01\/toy-story-3-jump-l.jpg 395w, https:\/\/alquilercasasdebrinco.com\/puertorico\/wp-content\/uploads\/2015\/01\/toy-story-3-jump-l-300x263.jpg 300w\" sizes=\"auto, (max-width: 395px) 100vw, 395px\" \/><\/a><\/figure>\n<\/div>\n\n\n<p class=\"has-text-align-center\">14&#8217;4&#8243;&nbsp;ancho x 13&#8217;4&#8243;&nbsp;Largo x 12&#8217;8&#8243;&nbsp;alto<\/p>\n\n\n\n<h1 class=\"wp-block-heading has-text-align-center\">&gt;&gt;&gt; Precio del equipo &lt;&lt;&lt;<\/h1>\n\n\n\n<h1 class=\"wp-block-heading has-text-align-center\"><span style=\"color: #ff0000;\">$100.00<\/span> + IVU = <span style=\"color: #3366ff;\">$111.50<\/span><\/h1>\n\n\n\n<h6 class=\"wp-block-heading has-text-align-center\">Lea condiciones abajo sobre el precio !<\/h6>\n\n\n\n<div style=\"height:20px\" aria-hidden=\"true\" class=\"wp-block-spacer\"><\/div>\n\n\n\n<hr class=\"wp-block-separator has-alpha-channel-opacity\"\/>\n\n\n\n<div style=\"height:20px\" aria-hidden=\"true\" class=\"wp-block-spacer\"><\/div>\n\n\n\n<h2 class=\"wp-block-heading has-text-align-center\">Capacidad de ni\u00f1os aproximados<\/h2>\n\n\n\n<p class=\"has-text-align-center\">1 a 10 M\u00e1ximo<\/p>\n\n\n\n<h2 class=\"wp-block-heading has-text-align-center\">Peso de ni\u00f1os<\/h2>\n\n\n\n<p class=\"has-text-align-center\">20lbs a 125lbs<\/p>\n\n\n\n<div style=\"height:20px\" aria-hidden=\"true\" class=\"wp-block-spacer\"><\/div>\n\n\n\n<hr class=\"wp-block-separator has-alpha-channel-opacity\"\/>\n\n\n\n<h1 class=\"wp-block-heading has-text-align-center\"><span style=\"text-decoration: underline;\"><span style=\"color: #ff0000; text-decoration: underline;\">Oferta para este equipo<\/span><\/span><\/h1>\n\n\n\n<p class=\"has-text-align-center\">A\u00f1ade 1 maquina con 50 servicio por &#8211; $35 + $100 + IVU = <strong><span style=\"color: #ff0000;\">$150.53<\/span><\/strong><\/p>\n\n\n\n<p class=\"has-text-align-center\">A\u00f1ade 2\u00a0maquinas con 50 servicio cada equipo por &#8211; $70 + $100 + IVU = <strong><span style=\"color: #ff0000;\">$189.55<\/span><\/strong><\/p>\n\n\n\n<p class=\"has-text-align-center\"><strong>Maquinas disponibles<\/strong><\/p>\n\n\n\n<p class=\"has-text-align-center\">Popcorn o Algodon<\/p>\n\n\n\n<p class=\"has-text-align-center\"><em><strong>Este precio no incluye ni operador ni entrega en el caso que aplique. <\/strong><\/em><\/p>\n\n\n\n<p class=\"has-text-align-center\"><em><strong><a title=\"Area de Cobertura\" href=\"https:\/\/alquilercasasdebrinco.com\/puertorico\/area-de-cobertura\/\">Verifica los costos de entrega aqui<\/a><\/strong><\/em><\/p>\n\n\n\n<p class=\"has-text-align-center\">Para servicios adicionales favor llamarnos al 787-518-9201<\/p>\n\n\n\n<p class=\"has-text-align-center\">Nota: Solo alquilamos las maquinas. Usted tiene que tener la mesa listas para cuando llegue el equipo. Recomendamos que la mesa no sea menor de 24 pulgadas ancho por 49 pulgadas de largo para las dos maquinas.<\/p>\n\n\n\n<pre class=\"wp-block-preformatted has-small-font-size\">*Oferta no validad para parques, visita ofertas para parques <a title=\"Ofertas Parques\" href=\"https:\/\/alquilercasasdebrinco.com\/puertorico\/ofertas-parques\/\">precionando aqui<\/a>*\n<\/pre>\n\n\n\n<div style=\"height:20px\" aria-hidden=\"true\" class=\"wp-block-spacer\"><\/div>\n\n\n\n<hr class=\"wp-block-separator has-alpha-channel-opacity\"\/>\n\n\n\n<div style=\"height:20px\" aria-hidden=\"true\" class=\"wp-block-spacer\"><\/div>\n\n\n<div class=\"wp-block-image\">\n<figure class=\"aligncenter\"><a href=\"https:\/\/alquilercasasdebrinco.com\/reserva\/product\/toy-story-13x13\/\"><img loading=\"lazy\" decoding=\"async\" width=\"600\" height=\"153\" src=\"https:\/\/alquilercasasdebrinco.com\/puertorico\/wp-content\/uploads\/2015\/03\/reserva-online-grande.gif\" alt=\"reserva-online-grande\" class=\"wp-image-1387\"\/><\/a><\/figure>\n<\/div>\n\n\n<div style=\"height:20px\" aria-hidden=\"true\" class=\"wp-block-spacer\"><\/div>\n\n\n\n<hr class=\"wp-block-separator has-alpha-channel-opacity\"\/>\n\n\n\n<h1 class=\"wp-block-heading has-text-align-center\">&gt;&gt;&gt; Fotos del Equipo &lt;&lt;&lt;<\/h1>\n\n\n\n<figure class=\"wp-block-gallery has-nested-images columns-default is-cropped wp-block-gallery-2 is-layout-flex wp-block-gallery-is-layout-flex\">\n<figure class=\"wp-block-image size-large\"><a href=\"https:\/\/alquilercasasdebrinco.com\/puertorico\/wp-content\/uploads\/2019\/03\/0D917B02-EF92-4902-8649-E4F8D4CC6234.jpeg\"><img loading=\"lazy\" decoding=\"async\" width=\"1024\" height=\"768\" data-id=\"2369\" src=\"https:\/\/alquilercasasdebrinco.com\/puertorico\/wp-content\/uploads\/2019\/03\/0D917B02-EF92-4902-8649-E4F8D4CC6234-1024x768.jpeg\" alt=\"\" class=\"wp-image-2369\" srcset=\"https:\/\/alquilercasasdebrinco.com\/puertorico\/wp-content\/uploads\/2019\/03\/0D917B02-EF92-4902-8649-E4F8D4CC6234-1024x768.jpeg 1024w, https:\/\/alquilercasasdebrinco.com\/puertorico\/wp-content\/uploads\/2019\/03\/0D917B02-EF92-4902-8649-E4F8D4CC6234-300x225.jpeg 300w, https:\/\/alquilercasasdebrinco.com\/puertorico\/wp-content\/uploads\/2019\/03\/0D917B02-EF92-4902-8649-E4F8D4CC6234-768x576.jpeg 768w\" sizes=\"auto, (max-width: 1024px) 100vw, 1024px\" \/><\/a><\/figure>\n\n\n\n<figure class=\"wp-block-image size-large\"><a href=\"https:\/\/alquilercasasdebrinco.com\/puertorico\/wp-content\/uploads\/2019\/03\/4D463687-95D9-41B8-8224-8116700560D4.jpeg\"><img loading=\"lazy\" decoding=\"async\" width=\"1024\" height=\"768\" data-id=\"2370\" src=\"https:\/\/alquilercasasdebrinco.com\/puertorico\/wp-content\/uploads\/2019\/03\/4D463687-95D9-41B8-8224-8116700560D4-1024x768.jpeg\" alt=\"\" class=\"wp-image-2370\" srcset=\"https:\/\/alquilercasasdebrinco.com\/puertorico\/wp-content\/uploads\/2019\/03\/4D463687-95D9-41B8-8224-8116700560D4-1024x768.jpeg 1024w, https:\/\/alquilercasasdebrinco.com\/puertorico\/wp-content\/uploads\/2019\/03\/4D463687-95D9-41B8-8224-8116700560D4-300x225.jpeg 300w, https:\/\/alquilercasasdebrinco.com\/puertorico\/wp-content\/uploads\/2019\/03\/4D463687-95D9-41B8-8224-8116700560D4-768x576.jpeg 768w\" sizes=\"auto, (max-width: 1024px) 100vw, 1024px\" \/><\/a><\/figure>\n\n\n\n<figure class=\"wp-block-image size-large\"><a href=\"https:\/\/alquilercasasdebrinco.com\/puertorico\/wp-content\/uploads\/2019\/03\/48F8E6FB-6AA8-400F-ADA3-1A42001EA008.jpeg\"><img loading=\"lazy\" decoding=\"async\" width=\"1024\" height=\"768\" data-id=\"2371\" src=\"https:\/\/alquilercasasdebrinco.com\/puertorico\/wp-content\/uploads\/2019\/03\/48F8E6FB-6AA8-400F-ADA3-1A42001EA008-1024x768.jpeg\" alt=\"\" class=\"wp-image-2371\" srcset=\"https:\/\/alquilercasasdebrinco.com\/puertorico\/wp-content\/uploads\/2019\/03\/48F8E6FB-6AA8-400F-ADA3-1A42001EA008-1024x768.jpeg 1024w, https:\/\/alquilercasasdebrinco.com\/puertorico\/wp-content\/uploads\/2019\/03\/48F8E6FB-6AA8-400F-ADA3-1A42001EA008-300x225.jpeg 300w, https:\/\/alquilercasasdebrinco.com\/puertorico\/wp-content\/uploads\/2019\/03\/48F8E6FB-6AA8-400F-ADA3-1A42001EA008-768x576.jpeg 768w\" sizes=\"auto, (max-width: 1024px) 100vw, 1024px\" \/><\/a><\/figure>\n\n\n\n<figure class=\"wp-block-image size-large\"><a href=\"https:\/\/alquilercasasdebrinco.com\/puertorico\/wp-content\/uploads\/2015\/01\/TOY-STORY-FULL-FACE.jpg\"><img loading=\"lazy\" decoding=\"async\" width=\"1024\" height=\"768\" data-id=\"1318\" src=\"https:\/\/alquilercasasdebrinco.com\/puertorico\/wp-content\/uploads\/2015\/01\/TOY-STORY-FULL-FACE-1024x768.jpg\" alt=\"\" class=\"wp-image-1318\" srcset=\"https:\/\/alquilercasasdebrinco.com\/puertorico\/wp-content\/uploads\/2015\/01\/TOY-STORY-FULL-FACE-1024x768.jpg 1024w, https:\/\/alquilercasasdebrinco.com\/puertorico\/wp-content\/uploads\/2015\/01\/TOY-STORY-FULL-FACE-300x225.jpg 300w, https:\/\/alquilercasasdebrinco.com\/puertorico\/wp-content\/uploads\/2015\/01\/TOY-STORY-FULL-FACE.jpg 1296w\" sizes=\"auto, (max-width: 1024px) 100vw, 1024px\" \/><\/a><\/figure>\n\n\n\n<figure class=\"wp-block-image size-large\"><a href=\"https:\/\/alquilercasasdebrinco.com\/puertorico\/wp-content\/uploads\/2015\/01\/IMG_0782.jpg\"><img loading=\"lazy\" decoding=\"async\" width=\"1024\" height=\"765\" data-id=\"1317\" src=\"https:\/\/alquilercasasdebrinco.com\/puertorico\/wp-content\/uploads\/2015\/01\/IMG_0782-1024x765.jpg\" alt=\"\" class=\"wp-image-1317\" srcset=\"https:\/\/alquilercasasdebrinco.com\/puertorico\/wp-content\/uploads\/2015\/01\/IMG_0782-1024x765.jpg 1024w, https:\/\/alquilercasasdebrinco.com\/puertorico\/wp-content\/uploads\/2015\/01\/IMG_0782-300x224.jpg 300w\" sizes=\"auto, (max-width: 1024px) 100vw, 1024px\" \/><\/a><\/figure>\n<\/figure>\n\n\n\n<div style=\"height:20px\" aria-hidden=\"true\" class=\"wp-block-spacer\"><\/div>\n\n\n\n<hr class=\"wp-block-separator has-alpha-channel-opacity\"\/>\n\n\n\n<h2 class=\"wp-block-heading has-text-align-center\">V\u00eddeos del Equipo en Youtube<\/h2>\n\n\n\n<figure class=\"wp-block-embed is-type-video is-provider-youtube wp-block-embed-youtube wp-embed-aspect-16-9 wp-has-aspect-ratio\"><div class=\"wp-block-embed__wrapper\">\n<iframe loading=\"lazy\" title=\"Casa de brinco Toys Story\" width=\"500\" height=\"281\" src=\"https:\/\/www.youtube.com\/embed\/uiBiyF1xhIs?feature=oembed\" frameborder=\"0\" allow=\"accelerometer; autoplay; clipboard-write; encrypted-media; gyroscope; picture-in-picture; web-share\" referrerpolicy=\"strict-origin-when-cross-origin\" allowfullscreen><\/iframe>\n<\/div><\/figure>\n\n\n\n<div style=\"height:20px\" aria-hidden=\"true\" class=\"wp-block-spacer\"><\/div>\n\n\n\n<hr class=\"wp-block-separator has-alpha-channel-opacity\"\/>\n\n\n\n<p class=\"has-text-align-center\"><strong>Nota Aclaratoria:<\/strong><\/p>\n\n\n\n<p class=\"has-text-align-center\">Visitas nuestra \u00e1rea de <a title=\"Pregunta Frecuentes\" href=\"https:\/\/alquilercasasdebrinco.com\/puertorico\/pregunta-frecuentes\/\"><strong>Pregunta Frecuentes<\/strong><\/a> aqu\u00ed tendr\u00e1s la respuesta a todas esas preguntas.<\/p>\n","protected":false},"excerpt":{"rendered":"<p>14&#8217;4&#8243;&nbsp;ancho x 13&#8217;4&#8243;&nbsp;Largo x 12&#8217;8&#8243;&nbsp;alto &gt;&gt;&gt; Precio del equipo &lt;&lt;&lt; $100.00 + IVU = $111.50 Lea condiciones abajo sobre el precio ! Capacidad de ni\u00f1os aproximados 1 a 10 M\u00e1ximo Peso de ni\u00f1os 20lbs a 125lbs Oferta para este equipo A\u00f1ade 1 maquina con 50 servicio por &#8211; $35 + $100 + IVU = $150.53 &hellip; <a class=\"read-excerpt\" href=\"https:\/\/alquilercasasdebrinco.com\/puertorico\/equipos-y-precios\/toy-story-13x13\/\">Continue reading <span class=\"meta-nav\">&raquo;<\/span><\/a><\/p>\n","protected":false},"author":1,"featured_media":1217,"parent":6,"menu_order":10,"comment_status":"open","ping_status":"closed","template":"","meta":{"_s2mail":"yes","footnotes":""},"class_list":["post-1216","page","type-page","status-publish","has-post-thumbnail","hentry"],"_links":{"self":[{"href":"https:\/\/alquilercasasdebrinco.com\/puertorico\/wp-json\/wp\/v2\/pages\/1216","targetHints":{"allow":["GET"]}}],"collection":[{"href":"https:\/\/alquilercasasdebrinco.com\/puertorico\/wp-json\/wp\/v2\/pages"}],"about":[{"href":"https:\/\/alquilercasasdebrinco.com\/puertorico\/wp-json\/wp\/v2\/types\/page"}],"author":[{"embeddable":true,"href":"https:\/\/alquilercasasdebrinco.com\/puertorico\/wp-json\/wp\/v2\/users\/1"}],"replies":[{"embeddable":true,"href":"https:\/\/alquilercasasdebrinco.com\/puertorico\/wp-json\/wp\/v2\/comments?post=1216"}],"version-history":[{"count":21,"href":"https:\/\/alquilercasasdebrinco.com\/puertorico\/wp-json\/wp\/v2\/pages\/1216\/revisions"}],"predecessor-version":[{"id":3128,"href":"https:\/\/alquilercasasdebrinco.com\/puertorico\/wp-json\/wp\/v2\/pages\/1216\/revisions\/3128"}],"up":[{"embeddable":true,"href":"https:\/\/alquilercasasdebrinco.com\/puertorico\/wp-json\/wp\/v2\/pages\/6"}],"wp:featuredmedia":[{"embeddable":true,"href":"https:\/\/alquilercasasdebrinco.com\/puertorico\/wp-json\/wp\/v2\/media\/1217"}],"wp:attachment":[{"href":"https:\/\/alquilercasasdebrinco.com\/puertorico\/wp-json\/wp\/v2\/media?parent=1216"}],"curies":[{"name":"wp","href":"https:\/\/api.w.org\/{rel}","templated":true}]}}