{"id":1220,"date":"2015-01-15T19:32:49","date_gmt":"2015-01-16T02:32:49","guid":{"rendered":"https:\/\/alquilercasasdebrinco.com\/puertorico\/?page_id=1220"},"modified":"2026-01-22T15:09:35","modified_gmt":"2026-01-22T22:09:35","slug":"5-en-1","status":"publish","type":"page","link":"https:\/\/alquilercasasdebrinco.com\/puertorico\/equipos-y-precios\/5-en-1\/","title":{"rendered":"5 en 1"},"content":{"rendered":"<div class=\"wp-block-image\">\n<figure class=\"aligncenter size-full\"><a href=\"https:\/\/alquilercasasdebrinco.com\/puertorico\/wp-content\/uploads\/2014\/05\/NM-5C_dt-01.jpg\"><img loading=\"lazy\" decoding=\"async\" width=\"456\" height=\"346\" src=\"https:\/\/alquilercasasdebrinco.com\/puertorico\/wp-content\/uploads\/2014\/05\/NM-5C_dt-01.jpg\" alt=\"\" class=\"wp-image-1219\" srcset=\"https:\/\/alquilercasasdebrinco.com\/puertorico\/wp-content\/uploads\/2014\/05\/NM-5C_dt-01.jpg 456w, https:\/\/alquilercasasdebrinco.com\/puertorico\/wp-content\/uploads\/2014\/05\/NM-5C_dt-01-300x228.jpg 300w\" sizes=\"auto, (max-width: 456px) 100vw, 456px\" \/><\/a><\/figure>\n<\/div>\n\n\n<p class=\"has-text-align-center\">20\u2019 ancho x 19\u2032 Largo x 15\u2032 alto<\/p>\n\n\n\n<h1 class=\"wp-block-heading has-text-align-center\">&gt;&gt;&gt; Precio del equipo &lt;&lt;&lt;<\/h1>\n\n\n\n<h1 class=\"wp-block-heading has-text-align-center\"><span style=\"color: #ff0000;\">$190.00<\/span> + IVU = <span style=\"color: #3366ff;\">$211.85<\/span><\/h1>\n\n\n\n<h6 class=\"wp-block-heading has-text-align-center\">Lea condiciones abajo sobre el precio !<\/h6>\n\n\n\n<div style=\"height:20px\" aria-hidden=\"true\" class=\"wp-block-spacer\"><\/div>\n\n\n\n<hr class=\"wp-block-separator has-alpha-channel-opacity\"\/>\n\n\n\n<div style=\"height:20px\" aria-hidden=\"true\" class=\"wp-block-spacer\"><\/div>\n\n\n\n<h2 class=\"wp-block-heading has-text-align-center\">Capacidad de ni\u00f1os aproximados<\/h2>\n\n\n\n<p class=\"has-text-align-center\">1 a 10 M\u00e1ximo<\/p>\n\n\n\n<h2 class=\"wp-block-heading has-text-align-center\">Peso de ni\u00f1os<\/h2>\n\n\n\n<p class=\"has-text-align-center\">20lbs a 125lbs<\/p>\n\n\n\n<div style=\"height:20px\" aria-hidden=\"true\" class=\"wp-block-spacer\"><\/div>\n\n\n\n<hr class=\"wp-block-separator has-alpha-channel-opacity\"\/>\n\n\n\n<h1 class=\"wp-block-heading has-text-align-center\"><span style=\"text-decoration: underline;\"><span style=\"color: #ff0000; text-decoration: underline;\">Oferta para este equipo<\/span><\/span><\/h1>\n\n\n\n<p class=\"has-text-align-center\">A\u00f1ade 1 maquina con 50 servicio por $35 + $190 + IVU =\u00a0<strong>$223.00<\/strong>= <strong><span style=\"color: #ff0000;\">$250.88<\/span><\/strong><\/p>\n\n\n\n<p class=\"has-text-align-center\">A\u00f1ade 2\u00a0maquinas con 50 servicio cada equipo por $70\u00a0+ $190 + IVU = <strong><span style=\"color: #ff0000;\">$289.90<\/span><\/strong><\/p>\n\n\n\n<p class=\"has-text-align-center\"><strong>Maquinas disponibles<\/strong><\/p>\n\n\n\n<p class=\"has-text-align-center\">Popcorn o Algodon<\/p>\n\n\n\n<p class=\"has-text-align-center\"><em><strong>Este precio no incluye ni operador ni entrega en el caso que aplique. <\/strong><\/em><\/p>\n\n\n\n<p class=\"has-text-align-center\"><em><strong><a title=\"Area de Cobertura\" href=\"https:\/\/alquilercasasdebrinco.com\/puertorico\/area-de-cobertura\/\">Verifica los costos de entrega aqui<\/a><\/strong><\/em><\/p>\n\n\n\n<p class=\"has-text-align-center\">Para servicios adicionales favor llamarnos al 787-518-9201<\/p>\n\n\n\n<p class=\"has-text-align-center\">Nota: Solo alquilamos las maquinas. Usted tiene que tener la mesa listas para cuando llegue el equipo. Recomendamos que la mesa no sea menor de 24 pulgadas ancho por 49 pulgadas de largo para las dos maquinas.<\/p>\n\n\n\n<pre class=\"wp-block-preformatted has-small-font-size\">*Oferta no validad para parques, visita ofertas para parques <a title=\"Ofertas Parques\" href=\"https:\/\/alquilercasasdebrinco.com\/puertorico\/ofertas-parques\/\">precionando aqui<\/a>*\n<\/pre>\n\n\n\n<div style=\"height:20px\" aria-hidden=\"true\" class=\"wp-block-spacer\"><\/div>\n\n\n\n<hr class=\"wp-block-separator has-alpha-channel-opacity\"\/>\n\n\n\n<div style=\"height:20px\" aria-hidden=\"true\" class=\"wp-block-spacer\"><\/div>\n\n\n<div class=\"wp-block-image\">\n<figure class=\"aligncenter\"><a href=\"https:\/\/alquilercasasdebrinco.com\/reserva\/product\/5-en-1\/\"><img loading=\"lazy\" decoding=\"async\" width=\"600\" height=\"153\" src=\"https:\/\/alquilercasasdebrinco.com\/puertorico\/wp-content\/uploads\/2015\/03\/reserva-online-grande.gif\" alt=\"reserva-online-grande\" class=\"wp-image-1387\"\/><\/a><\/figure>\n<\/div>\n\n\n<div style=\"height:20px\" aria-hidden=\"true\" class=\"wp-block-spacer\"><\/div>\n\n\n\n<hr class=\"wp-block-separator has-alpha-channel-opacity\"\/>\n\n\n\n<h1 class=\"wp-block-heading has-text-align-center\">&gt;&gt;&gt; Fotos del Equipo &lt;&lt;&lt;<\/h1>\n\n\n\n<figure class=\"wp-block-gallery has-nested-images columns-default is-cropped wp-block-gallery-1 is-layout-flex wp-block-gallery-is-layout-flex\">\n<figure class=\"wp-block-image size-large\"><a href=\"https:\/\/alquilercasasdebrinco.com\/puertorico\/wp-content\/uploads\/2015\/01\/Bebop_Drone_2015-01-24T122531-0000_1.jpg\"><img loading=\"lazy\" decoding=\"async\" width=\"1024\" height=\"580\" data-id=\"1266\" src=\"https:\/\/alquilercasasdebrinco.com\/puertorico\/wp-content\/uploads\/2015\/01\/Bebop_Drone_2015-01-24T122531-0000_1-1024x580.jpg\" alt=\"\" class=\"wp-image-1266\" srcset=\"https:\/\/alquilercasasdebrinco.com\/puertorico\/wp-content\/uploads\/2015\/01\/Bebop_Drone_2015-01-24T122531-0000_1-1024x580.jpg 1024w, https:\/\/alquilercasasdebrinco.com\/puertorico\/wp-content\/uploads\/2015\/01\/Bebop_Drone_2015-01-24T122531-0000_1-300x170.jpg 300w, https:\/\/alquilercasasdebrinco.com\/puertorico\/wp-content\/uploads\/2015\/01\/Bebop_Drone_2015-01-24T122531-0000_1.jpg 1920w\" sizes=\"auto, (max-width: 1024px) 100vw, 1024px\" \/><\/a><\/figure>\n\n\n\n<figure class=\"wp-block-image size-large\"><a href=\"https:\/\/alquilercasasdebrinco.com\/puertorico\/wp-content\/uploads\/2015\/01\/Bebop_Drone_2015-01-24T122551-0000_1.jpg\"><img loading=\"lazy\" decoding=\"async\" width=\"1024\" height=\"580\" data-id=\"1268\" src=\"https:\/\/alquilercasasdebrinco.com\/puertorico\/wp-content\/uploads\/2015\/01\/Bebop_Drone_2015-01-24T122551-0000_1-1024x580.jpg\" alt=\"\" class=\"wp-image-1268\" srcset=\"https:\/\/alquilercasasdebrinco.com\/puertorico\/wp-content\/uploads\/2015\/01\/Bebop_Drone_2015-01-24T122551-0000_1-1024x580.jpg 1024w, https:\/\/alquilercasasdebrinco.com\/puertorico\/wp-content\/uploads\/2015\/01\/Bebop_Drone_2015-01-24T122551-0000_1-300x170.jpg 300w, https:\/\/alquilercasasdebrinco.com\/puertorico\/wp-content\/uploads\/2015\/01\/Bebop_Drone_2015-01-24T122551-0000_1.jpg 1920w\" sizes=\"auto, (max-width: 1024px) 100vw, 1024px\" \/><\/a><\/figure>\n\n\n\n<figure class=\"wp-block-image size-large\"><a href=\"https:\/\/alquilercasasdebrinco.com\/puertorico\/wp-content\/uploads\/2015\/01\/Bebop_Drone_2015-01-24T122546-0000_1.jpg\"><img loading=\"lazy\" decoding=\"async\" width=\"1024\" height=\"580\" data-id=\"1267\" src=\"https:\/\/alquilercasasdebrinco.com\/puertorico\/wp-content\/uploads\/2015\/01\/Bebop_Drone_2015-01-24T122546-0000_1-1024x580.jpg\" alt=\"\" class=\"wp-image-1267\" srcset=\"https:\/\/alquilercasasdebrinco.com\/puertorico\/wp-content\/uploads\/2015\/01\/Bebop_Drone_2015-01-24T122546-0000_1-1024x580.jpg 1024w, https:\/\/alquilercasasdebrinco.com\/puertorico\/wp-content\/uploads\/2015\/01\/Bebop_Drone_2015-01-24T122546-0000_1-300x170.jpg 300w, https:\/\/alquilercasasdebrinco.com\/puertorico\/wp-content\/uploads\/2015\/01\/Bebop_Drone_2015-01-24T122546-0000_1.jpg 1920w\" sizes=\"auto, (max-width: 1024px) 100vw, 1024px\" \/><\/a><\/figure>\n\n\n\n<figure class=\"wp-block-image size-large\"><a href=\"https:\/\/alquilercasasdebrinco.com\/puertorico\/wp-content\/uploads\/2015\/01\/Bebop_Drone_2015-01-24T162458-0000_1.jpg\"><img loading=\"lazy\" decoding=\"async\" width=\"1024\" height=\"580\" data-id=\"1269\" src=\"https:\/\/alquilercasasdebrinco.com\/puertorico\/wp-content\/uploads\/2015\/01\/Bebop_Drone_2015-01-24T162458-0000_1-1024x580.jpg\" alt=\"\" class=\"wp-image-1269\" srcset=\"https:\/\/alquilercasasdebrinco.com\/puertorico\/wp-content\/uploads\/2015\/01\/Bebop_Drone_2015-01-24T162458-0000_1-1024x580.jpg 1024w, https:\/\/alquilercasasdebrinco.com\/puertorico\/wp-content\/uploads\/2015\/01\/Bebop_Drone_2015-01-24T162458-0000_1-300x170.jpg 300w, https:\/\/alquilercasasdebrinco.com\/puertorico\/wp-content\/uploads\/2015\/01\/Bebop_Drone_2015-01-24T162458-0000_1.jpg 1920w\" sizes=\"auto, (max-width: 1024px) 100vw, 1024px\" \/><\/a><\/figure>\n\n\n\n<figure class=\"wp-block-image size-large\"><a href=\"https:\/\/alquilercasasdebrinco.com\/puertorico\/wp-content\/uploads\/2015\/01\/IMG_2545.jpg\"><img loading=\"lazy\" decoding=\"async\" width=\"1024\" height=\"768\" data-id=\"1261\" src=\"https:\/\/alquilercasasdebrinco.com\/puertorico\/wp-content\/uploads\/2015\/01\/IMG_2545-1024x768.jpg\" alt=\"\" class=\"wp-image-1261\" srcset=\"https:\/\/alquilercasasdebrinco.com\/puertorico\/wp-content\/uploads\/2015\/01\/IMG_2545-1024x768.jpg 1024w, https:\/\/alquilercasasdebrinco.com\/puertorico\/wp-content\/uploads\/2015\/01\/IMG_2545-300x225.jpg 300w, https:\/\/alquilercasasdebrinco.com\/puertorico\/wp-content\/uploads\/2015\/01\/IMG_2545.jpg 1632w\" sizes=\"auto, (max-width: 1024px) 100vw, 1024px\" \/><\/a><\/figure>\n\n\n\n<figure class=\"wp-block-image size-large\"><a href=\"https:\/\/alquilercasasdebrinco.com\/puertorico\/wp-content\/uploads\/2015\/01\/IMG_2539.jpg\"><img loading=\"lazy\" decoding=\"async\" width=\"1024\" height=\"768\" data-id=\"1262\" src=\"https:\/\/alquilercasasdebrinco.com\/puertorico\/wp-content\/uploads\/2015\/01\/IMG_2539-1024x768.jpg\" alt=\"\" class=\"wp-image-1262\" srcset=\"https:\/\/alquilercasasdebrinco.com\/puertorico\/wp-content\/uploads\/2015\/01\/IMG_2539-1024x768.jpg 1024w, https:\/\/alquilercasasdebrinco.com\/puertorico\/wp-content\/uploads\/2015\/01\/IMG_2539-300x225.jpg 300w, https:\/\/alquilercasasdebrinco.com\/puertorico\/wp-content\/uploads\/2015\/01\/IMG_2539.jpg 1632w\" sizes=\"auto, (max-width: 1024px) 100vw, 1024px\" \/><\/a><\/figure>\n\n\n\n<figure class=\"wp-block-image size-large\"><a href=\"https:\/\/alquilercasasdebrinco.com\/puertorico\/wp-content\/uploads\/2015\/01\/IMG_2541.jpg\"><img loading=\"lazy\" decoding=\"async\" width=\"1024\" height=\"768\" data-id=\"1264\" src=\"https:\/\/alquilercasasdebrinco.com\/puertorico\/wp-content\/uploads\/2015\/01\/IMG_2541-1024x768.jpg\" alt=\"\" class=\"wp-image-1264\" srcset=\"https:\/\/alquilercasasdebrinco.com\/puertorico\/wp-content\/uploads\/2015\/01\/IMG_2541-1024x768.jpg 1024w, https:\/\/alquilercasasdebrinco.com\/puertorico\/wp-content\/uploads\/2015\/01\/IMG_2541-300x225.jpg 300w, https:\/\/alquilercasasdebrinco.com\/puertorico\/wp-content\/uploads\/2015\/01\/IMG_2541.jpg 1632w\" sizes=\"auto, (max-width: 1024px) 100vw, 1024px\" \/><\/a><\/figure>\n\n\n\n<figure class=\"wp-block-image size-large\"><a href=\"https:\/\/alquilercasasdebrinco.com\/puertorico\/wp-content\/uploads\/2015\/01\/IMG_2542.jpg\"><img loading=\"lazy\" decoding=\"async\" width=\"1024\" height=\"768\" data-id=\"1265\" src=\"https:\/\/alquilercasasdebrinco.com\/puertorico\/wp-content\/uploads\/2015\/01\/IMG_2542-1024x768.jpg\" alt=\"\" class=\"wp-image-1265\" srcset=\"https:\/\/alquilercasasdebrinco.com\/puertorico\/wp-content\/uploads\/2015\/01\/IMG_2542-1024x768.jpg 1024w, https:\/\/alquilercasasdebrinco.com\/puertorico\/wp-content\/uploads\/2015\/01\/IMG_2542-300x225.jpg 300w, https:\/\/alquilercasasdebrinco.com\/puertorico\/wp-content\/uploads\/2015\/01\/IMG_2542.jpg 1632w\" sizes=\"auto, (max-width: 1024px) 100vw, 1024px\" \/><\/a><\/figure>\n<\/figure>\n\n\n\n<div style=\"height:20px\" aria-hidden=\"true\" class=\"wp-block-spacer\"><\/div>\n\n\n\n<hr class=\"wp-block-separator has-alpha-channel-opacity\"\/>\n\n\n\n<h1 class=\"wp-block-heading has-text-align-center\">&gt;&gt;&gt; V\u00eddeo en YOUTUBE &lt;&lt;&lt;<\/h1>\n\n\n\n<figure class=\"wp-block-embed is-type-video is-provider-youtube wp-block-embed-youtube wp-embed-aspect-16-9 wp-has-aspect-ratio\"><div class=\"wp-block-embed__wrapper\">\n<iframe loading=\"lazy\" title=\"Casa de Brinco 5 en 1 - 787-518-9201 alquiler en area metro Puerto Rico\" width=\"500\" height=\"281\" src=\"https:\/\/www.youtube.com\/embed\/0_nz_3a95_o?feature=oembed\" frameborder=\"0\" allow=\"accelerometer; autoplay; clipboard-write; encrypted-media; gyroscope; picture-in-picture; web-share\" referrerpolicy=\"strict-origin-when-cross-origin\" allowfullscreen><\/iframe>\n<\/div><\/figure>\n\n\n\n<div style=\"height:20px\" aria-hidden=\"true\" class=\"wp-block-spacer\"><\/div>\n\n\n\n<hr class=\"wp-block-separator has-alpha-channel-opacity\"\/>\n\n\n\n<p class=\"has-text-align-center\"><strong>Nota Aclaratoria:<\/strong><\/p>\n\n\n\n<p class=\"has-text-align-center\">Visitas nuestra \u00e1rea de <a title=\"Pregunta Frecuentes\" href=\"https:\/\/alquilercasasdebrinco.com\/puertorico\/pregunta-frecuentes\/\"><strong>Pregunta Frecuentes<\/strong><\/a> aqu\u00ed tendr\u00e1s la respuesta a todas esas preguntas.<\/p>\n","protected":false},"excerpt":{"rendered":"<p>20\u2019 ancho x 19\u2032 Largo x 15\u2032 alto &gt;&gt;&gt; Precio del equipo &lt;&lt;&lt; $190.00 + IVU = $211.85 Lea condiciones abajo sobre el precio ! Capacidad de ni\u00f1os aproximados 1 a 10 M\u00e1ximo Peso de ni\u00f1os 20lbs a 125lbs Oferta para este equipo A\u00f1ade 1 maquina con 50 servicio por $35 + $190 + IVU &hellip; <a class=\"read-excerpt\" href=\"https:\/\/alquilercasasdebrinco.com\/puertorico\/equipos-y-precios\/5-en-1\/\">Continue reading <span class=\"meta-nav\">&raquo;<\/span><\/a><\/p>\n","protected":false},"author":1,"featured_media":1219,"parent":6,"menu_order":16,"comment_status":"open","ping_status":"closed","template":"","meta":{"_s2mail":"yes","footnotes":""},"class_list":["post-1220","page","type-page","status-publish","has-post-thumbnail","hentry"],"_links":{"self":[{"href":"https:\/\/alquilercasasdebrinco.com\/puertorico\/wp-json\/wp\/v2\/pages\/1220","targetHints":{"allow":["GET"]}}],"collection":[{"href":"https:\/\/alquilercasasdebrinco.com\/puertorico\/wp-json\/wp\/v2\/pages"}],"about":[{"href":"https:\/\/alquilercasasdebrinco.com\/puertorico\/wp-json\/wp\/v2\/types\/page"}],"author":[{"embeddable":true,"href":"https:\/\/alquilercasasdebrinco.com\/puertorico\/wp-json\/wp\/v2\/users\/1"}],"replies":[{"embeddable":true,"href":"https:\/\/alquilercasasdebrinco.com\/puertorico\/wp-json\/wp\/v2\/comments?post=1220"}],"version-history":[{"count":21,"href":"https:\/\/alquilercasasdebrinco.com\/puertorico\/wp-json\/wp\/v2\/pages\/1220\/revisions"}],"predecessor-version":[{"id":3137,"href":"https:\/\/alquilercasasdebrinco.com\/puertorico\/wp-json\/wp\/v2\/pages\/1220\/revisions\/3137"}],"up":[{"embeddable":true,"href":"https:\/\/alquilercasasdebrinco.com\/puertorico\/wp-json\/wp\/v2\/pages\/6"}],"wp:featuredmedia":[{"embeddable":true,"href":"https:\/\/alquilercasasdebrinco.com\/puertorico\/wp-json\/wp\/v2\/media\/1219"}],"wp:attachment":[{"href":"https:\/\/alquilercasasdebrinco.com\/puertorico\/wp-json\/wp\/v2\/media?parent=1220"}],"curies":[{"name":"wp","href":"https:\/\/api.w.org\/{rel}","templated":true}]}}