{"id":1453,"date":"2015-03-25T07:03:10","date_gmt":"2015-03-25T14:03:10","guid":{"rendered":"https:\/\/alquilercasasdebrinco.com\/puertorico\/?page_id=1453"},"modified":"2016-12-25T07:42:52","modified_gmt":"2016-12-25T14:42:52","slug":"deposito","status":"publish","type":"page","link":"https:\/\/alquilercasasdebrinco.com\/puertorico\/deposito\/","title":{"rendered":"Deposito con Paypal"},"content":{"rendered":"<form action=\"https:\/\/www.paypal.com\/cgi-bin\/webscr\" method=\"post\" target=\"_top\"><input name=\"hosted_button_id\" type=\"hidden\" value=\"DSXH628HZT9H2\" \/><\/p>\n<p>Antes de hacer el deposito por este medio. Usted necesita llamarnos al 787-518-9201 para hacer una pre reservacion. En esa llamada le verificamos disponibilidad del equipo que interesa y le apuntamos los datos de su actividad.<\/p>\n<p>&nbsp;<\/p>\n<p><strong>Si usted ya tiene una pre reservacion aqui es donde puede hacer el deposito para su actividad. Siga los siguientes pasos.<\/strong><\/p>\n<h2><span style=\"text-decoration: underline;\">\u00a0Pasos a seguir<\/span><\/h2>\n<ol>\n<li>Escoge la cantidad a depositar.<\/li>\n<li>Escribe nombre que hizo la reservacion y la fecha de la misma.<\/li>\n<li>Precione sobre el boton que dice &#8220;Compra Ahora&#8221;<\/li>\n<li>Al precionar le llevar a la confirmacion.<\/li>\n<li>Entre su cuenta y confirme el pago.<\/li>\n<\/ol>\n<table>\n<tbody>\n<tr>\n<td><input name=\"on0\" type=\"hidden\" value=\"Deposito\" \/><strong>Escoja cantidad a depositar<\/strong><\/td>\n<\/tr>\n<tr>\n<td><select name=\"os0\"><option value=\"Deposito\">Deposito $25.00 USD<\/option><option value=\"Deposito\">Deposito $50.00 USD<\/option><option value=\"Deposito\">Deposito $75.00 USD<\/option><\/select><\/td>\n<\/tr>\n<tr>\n<td><input name=\"on1\" type=\"hidden\" value=\"Nombre y Fecha Actividad\" \/><strong>Nombre y Fecha Actividad<\/strong><\/td>\n<\/tr>\n<tr>\n<td><input maxlength=\"200\" name=\"os1\" type=\"text\" \/><\/td>\n<\/tr>\n<\/tbody>\n<\/table>\n<p style=\"text-align: left;\"><input name=\"currency_code\" type=\"hidden\" value=\"USD\" \/><br \/>\n<input alt=\"PayPal, la forma m\u00e1s segura y r\u00e1pida de pagar en l\u00ednea.\" name=\"submit\" src=\"https:\/\/www.paypalobjects.com\/es_XC\/i\/btn\/btn_buynowCC_LG.gif\" type=\"image\" \/><\/p>\n<p style=\"text-align: center;\"><strong>**********************************************************<\/strong><\/p>\n<p style=\"text-align: center;\">No olvide llamarnos al 787-518-9201 al terminar para confirmar que entro el deposito o nos puede enviar un mensaje de texto al mismo numero.<\/p>\n<p style=\"text-align: center;\">Gracias por su deposito ! Comprometidos con su comodidad y tranquilidad esperamos que esta nueva forma de hacer deposito le sea de mucha utilidad.<\/p>\n<p style=\"text-align: center;\"><img loading=\"lazy\" decoding=\"async\" class=\"aligncenter\" src=\"https:\/\/www.paypalobjects.com\/es_XC\/i\/scr\/pixel.gif\" alt=\"\" width=\"1\" height=\"1\" border=\"0\" \/><\/p>\n<p>&nbsp;<\/p>\n<\/form>\n","protected":false},"excerpt":{"rendered":"<p>Antes de hacer el deposito por este medio. Usted necesita llamarnos al 787-518-9201 para hacer una pre reservacion. En esa llamada le verificamos disponibilidad del equipo que interesa y le apuntamos los datos de su actividad. &nbsp; Si usted ya tiene una pre reservacion aqui es donde puede hacer el deposito para su actividad. Siga &hellip; <a class=\"read-excerpt\" href=\"https:\/\/alquilercasasdebrinco.com\/puertorico\/deposito\/\">Continue reading <span class=\"meta-nav\">&raquo;<\/span><\/a><\/p>\n","protected":false},"author":1,"featured_media":0,"parent":0,"menu_order":11,"comment_status":"open","ping_status":"closed","template":"","meta":{"_s2mail":"yes","footnotes":""},"class_list":["post-1453","page","type-page","status-publish","hentry"],"_links":{"self":[{"href":"https:\/\/alquilercasasdebrinco.com\/puertorico\/wp-json\/wp\/v2\/pages\/1453","targetHints":{"allow":["GET"]}}],"collection":[{"href":"https:\/\/alquilercasasdebrinco.com\/puertorico\/wp-json\/wp\/v2\/pages"}],"about":[{"href":"https:\/\/alquilercasasdebrinco.com\/puertorico\/wp-json\/wp\/v2\/types\/page"}],"author":[{"embeddable":true,"href":"https:\/\/alquilercasasdebrinco.com\/puertorico\/wp-json\/wp\/v2\/users\/1"}],"replies":[{"embeddable":true,"href":"https:\/\/alquilercasasdebrinco.com\/puertorico\/wp-json\/wp\/v2\/comments?post=1453"}],"version-history":[{"count":12,"href":"https:\/\/alquilercasasdebrinco.com\/puertorico\/wp-json\/wp\/v2\/pages\/1453\/revisions"}],"predecessor-version":[{"id":1473,"href":"https:\/\/alquilercasasdebrinco.com\/puertorico\/wp-json\/wp\/v2\/pages\/1453\/revisions\/1473"}],"wp:attachment":[{"href":"https:\/\/alquilercasasdebrinco.com\/puertorico\/wp-json\/wp\/v2\/media?parent=1453"}],"curies":[{"name":"wp","href":"https:\/\/api.w.org\/{rel}","templated":true}]}}