{"id":1658,"date":"2015-09-08T12:49:28","date_gmt":"2015-09-08T19:49:28","guid":{"rendered":"https:\/\/alquilercasasdebrinco.com\/puertorico\/?page_id=1658"},"modified":"2026-01-22T15:10:43","modified_gmt":"2026-01-22T22:10:43","slug":"equipo-de-rescate-toddlers","status":"publish","type":"page","link":"https:\/\/alquilercasasdebrinco.com\/puertorico\/equipos-y-precios\/equipo-de-rescate-toddlers\/","title":{"rendered":"Equipo de Rescate &#8211; Toddlers"},"content":{"rendered":"<div class=\"wp-block-image\">\n<figure class=\"aligncenter\"><a href=\"https:\/\/alquilercasasdebrinco.com\/puertorico\/wp-content\/uploads\/2015\/09\/rescue_squad.jpg\"><img loading=\"lazy\" decoding=\"async\" width=\"486\" height=\"304\" src=\"https:\/\/alquilercasasdebrinco.com\/puertorico\/wp-content\/uploads\/2015\/09\/rescue_squad.jpg\" alt=\"rescue_squad\" class=\"wp-image-1659\" srcset=\"https:\/\/alquilercasasdebrinco.com\/puertorico\/wp-content\/uploads\/2015\/09\/rescue_squad.jpg 486w, https:\/\/alquilercasasdebrinco.com\/puertorico\/wp-content\/uploads\/2015\/09\/rescue_squad-300x188.jpg 300w\" sizes=\"auto, (max-width: 486px) 100vw, 486px\" \/><\/a><\/figure>\n<\/div>\n\n\n<p class=\"has-text-align-center\">19&#8217;10&#8221; ancho x 18&#8217;6&#8243; Largo x 8\u2032 alto<\/p>\n\n\n\n<h1 class=\"wp-block-heading has-text-align-center\">&gt;&gt;&gt; Precio del equipo &lt;&lt;&lt;<\/h1>\n\n\n\n<h1 class=\"wp-block-heading has-text-align-center\"><span style=\"color: #ff0000;\">$190.00<\/span> + IVU = <span style=\"color: #3366ff;\">$211.85<\/span><\/h1>\n\n\n\n<h6 class=\"wp-block-heading has-text-align-center\">Lea condiciones abajo sobre el precio !<\/h6>\n\n\n\n<div style=\"height:20px\" aria-hidden=\"true\" class=\"wp-block-spacer\"><\/div>\n\n\n\n<hr class=\"wp-block-separator has-alpha-channel-opacity\"\/>\n\n\n\n<div style=\"height:20px\" aria-hidden=\"true\" class=\"wp-block-spacer\"><\/div>\n\n\n\n<h2 class=\"wp-block-heading has-text-align-center\">Capacidad de ni\u00f1os aproximados<\/h2>\n\n\n\n<p class=\"has-text-align-center\">1 a 10 M\u00e1ximo<\/p>\n\n\n\n<h2 class=\"wp-block-heading has-text-align-center\">Peso de ni\u00f1os<\/h2>\n\n\n\n<p class=\"has-text-align-center\">20lbs a 125lbs<\/p>\n\n\n\n<div style=\"height:20px\" aria-hidden=\"true\" class=\"wp-block-spacer\"><\/div>\n\n\n\n<hr class=\"wp-block-separator has-alpha-channel-opacity\"\/>\n\n\n\n<h1 class=\"wp-block-heading has-text-align-center\"><span style=\"text-decoration: underline;\"><span style=\"color: #ff0000; text-decoration: underline;\">Oferta para este equipo<\/span><\/span><\/h1>\n\n\n\n<p class=\"has-text-align-center\">A\u00f1ade 1 maquina con 50 servicio por $35 + $190 + IVU = <strong><span style=\"color: #ff0000;\">$250.88<\/span><\/strong><\/p>\n\n\n\n<p class=\"has-text-align-center\">A\u00f1ade 2\u00a0maquinas con 50 servicio cada equipo por $70\u00a0+ $190 + IVU = <strong><span style=\"color: #ff0000;\">$289.90<\/span><\/strong><\/p>\n\n\n\n<p class=\"has-text-align-center\"><strong>Maquinas disponibles<\/strong><\/p>\n\n\n\n<p class=\"has-text-align-center\">Popcorn o Algodon<\/p>\n\n\n\n<p class=\"has-text-align-center\"><em><strong>Este precio no incluye ni operador ni entrega en el caso que aplique. <\/strong><\/em><\/p>\n\n\n\n<p class=\"has-text-align-center\"><em><strong><a title=\"Area de Cobertura\" href=\"https:\/\/alquilercasasdebrinco.com\/puertorico\/area-de-cobertura\/\">Verifica los costos de entrega aqui<\/a><\/strong><\/em><\/p>\n\n\n\n<p class=\"has-text-align-center\">Para servicios adicionales favor llamarnos al 787-518-9201<\/p>\n\n\n\n<p class=\"has-text-align-center\">Nota: Solo alquilamos las maquinas. Usted tiene que tener la mesa listas para cuando llegue el equipo. Recomendamos que la mesa no sea menor de 24 pulgadas ancho por 49 pulgadas de largo para las dos maquinas.<\/p>\n\n\n\n<pre class=\"wp-block-preformatted has-small-font-size\">*Oferta no validad para parques, visita ofertas para parques <a title=\"Ofertas Parques\" href=\"https:\/\/alquilercasasdebrinco.com\/puertorico\/ofertas-parques\/\">precionando aqui<\/a>*\n<\/pre>\n\n\n\n<div style=\"height:20px\" aria-hidden=\"true\" class=\"wp-block-spacer\"><\/div>\n\n\n\n<hr class=\"wp-block-separator has-alpha-channel-opacity\"\/>\n\n\n\n<div style=\"height:20px\" aria-hidden=\"true\" class=\"wp-block-spacer\"><\/div>\n\n\n<div class=\"wp-block-image\">\n<figure class=\"aligncenter\"><a href=\"https:\/\/alquilercasasdebrinco.com\/reserva\/product\/equipo-de-rescate-toddlers\/\"><img loading=\"lazy\" decoding=\"async\" width=\"600\" height=\"153\" src=\"https:\/\/alquilercasasdebrinco.com\/puertorico\/wp-content\/uploads\/2015\/03\/reserva-online-grande.gif\" alt=\"reserva-online-grande\" class=\"wp-image-1387\"\/><\/a><\/figure>\n<\/div>\n\n\n<div style=\"height:20px\" aria-hidden=\"true\" class=\"wp-block-spacer\"><\/div>\n\n\n\n<hr class=\"wp-block-separator has-alpha-channel-opacity\"\/>\n\n\n\n<h1 class=\"wp-block-heading has-text-align-center\">&gt;&gt;&gt; Fotos del Equipo &lt;&lt;&lt;<\/h1>\n\n\n\n<figure class=\"wp-block-gallery has-nested-images columns-default is-cropped wp-block-gallery-1 is-layout-flex wp-block-gallery-is-layout-flex\">\n<figure class=\"wp-block-image size-large\"><a href=\"https:\/\/alquilercasasdebrinco.com\/puertorico\/wp-content\/uploads\/2015\/09\/rescue_squad_inflatable.jpg\"><img loading=\"lazy\" decoding=\"async\" width=\"800\" height=\"600\" data-id=\"1660\" src=\"https:\/\/alquilercasasdebrinco.com\/puertorico\/wp-content\/uploads\/2015\/09\/rescue_squad_inflatable.jpg\" alt=\"\" class=\"wp-image-1660\" srcset=\"https:\/\/alquilercasasdebrinco.com\/puertorico\/wp-content\/uploads\/2015\/09\/rescue_squad_inflatable.jpg 800w, https:\/\/alquilercasasdebrinco.com\/puertorico\/wp-content\/uploads\/2015\/09\/rescue_squad_inflatable-300x225.jpg 300w\" sizes=\"auto, (max-width: 800px) 100vw, 800px\" \/><\/a><\/figure>\n\n\n\n<figure class=\"wp-block-image size-large\"><a href=\"https:\/\/alquilercasasdebrinco.com\/puertorico\/wp-content\/uploads\/2015\/09\/Toddler-Rescue-Squad-8.jpg\"><img loading=\"lazy\" decoding=\"async\" width=\"490\" height=\"326\" data-id=\"1662\" src=\"https:\/\/alquilercasasdebrinco.com\/puertorico\/wp-content\/uploads\/2015\/09\/Toddler-Rescue-Squad-8.jpg\" alt=\"\" class=\"wp-image-1662\" srcset=\"https:\/\/alquilercasasdebrinco.com\/puertorico\/wp-content\/uploads\/2015\/09\/Toddler-Rescue-Squad-8.jpg 490w, https:\/\/alquilercasasdebrinco.com\/puertorico\/wp-content\/uploads\/2015\/09\/Toddler-Rescue-Squad-8-300x200.jpg 300w\" sizes=\"auto, (max-width: 490px) 100vw, 490px\" \/><\/a><\/figure>\n\n\n\n<figure class=\"wp-block-image size-large\"><a href=\"https:\/\/alquilercasasdebrinco.com\/puertorico\/wp-content\/uploads\/2015\/09\/Toddler-Rescue-Squad-9.jpg\"><img loading=\"lazy\" decoding=\"async\" width=\"490\" height=\"326\" data-id=\"1663\" src=\"https:\/\/alquilercasasdebrinco.com\/puertorico\/wp-content\/uploads\/2015\/09\/Toddler-Rescue-Squad-9.jpg\" alt=\"\" class=\"wp-image-1663\" srcset=\"https:\/\/alquilercasasdebrinco.com\/puertorico\/wp-content\/uploads\/2015\/09\/Toddler-Rescue-Squad-9.jpg 490w, https:\/\/alquilercasasdebrinco.com\/puertorico\/wp-content\/uploads\/2015\/09\/Toddler-Rescue-Squad-9-300x200.jpg 300w\" sizes=\"auto, (max-width: 490px) 100vw, 490px\" \/><\/a><\/figure>\n\n\n\n<figure class=\"wp-block-image size-large\"><a href=\"https:\/\/alquilercasasdebrinco.com\/puertorico\/wp-content\/uploads\/2015\/09\/Toddler-Rescue-Squad-12.jpg\"><img loading=\"lazy\" decoding=\"async\" width=\"490\" height=\"326\" data-id=\"1665\" src=\"https:\/\/alquilercasasdebrinco.com\/puertorico\/wp-content\/uploads\/2015\/09\/Toddler-Rescue-Squad-12.jpg\" alt=\"\" class=\"wp-image-1665\" srcset=\"https:\/\/alquilercasasdebrinco.com\/puertorico\/wp-content\/uploads\/2015\/09\/Toddler-Rescue-Squad-12.jpg 490w, https:\/\/alquilercasasdebrinco.com\/puertorico\/wp-content\/uploads\/2015\/09\/Toddler-Rescue-Squad-12-300x200.jpg 300w\" sizes=\"auto, (max-width: 490px) 100vw, 490px\" \/><\/a><\/figure>\n\n\n\n<figure class=\"wp-block-image size-large\"><a href=\"https:\/\/alquilercasasdebrinco.com\/puertorico\/wp-content\/uploads\/2015\/09\/Toddler-Rescue-Squad-10.jpg\"><img loading=\"lazy\" decoding=\"async\" width=\"490\" height=\"326\" data-id=\"1664\" src=\"https:\/\/alquilercasasdebrinco.com\/puertorico\/wp-content\/uploads\/2015\/09\/Toddler-Rescue-Squad-10.jpg\" alt=\"\" class=\"wp-image-1664\" srcset=\"https:\/\/alquilercasasdebrinco.com\/puertorico\/wp-content\/uploads\/2015\/09\/Toddler-Rescue-Squad-10.jpg 490w, https:\/\/alquilercasasdebrinco.com\/puertorico\/wp-content\/uploads\/2015\/09\/Toddler-Rescue-Squad-10-300x200.jpg 300w\" sizes=\"auto, (max-width: 490px) 100vw, 490px\" \/><\/a><\/figure>\n\n\n\n<figure class=\"wp-block-image size-large\"><a href=\"https:\/\/alquilercasasdebrinco.com\/puertorico\/wp-content\/uploads\/2015\/09\/Toddler-Rescue-Squad-6.jpg\"><img loading=\"lazy\" decoding=\"async\" width=\"490\" height=\"263\" data-id=\"1661\" src=\"https:\/\/alquilercasasdebrinco.com\/puertorico\/wp-content\/uploads\/2015\/09\/Toddler-Rescue-Squad-6.jpg\" alt=\"\" class=\"wp-image-1661\" srcset=\"https:\/\/alquilercasasdebrinco.com\/puertorico\/wp-content\/uploads\/2015\/09\/Toddler-Rescue-Squad-6.jpg 490w, https:\/\/alquilercasasdebrinco.com\/puertorico\/wp-content\/uploads\/2015\/09\/Toddler-Rescue-Squad-6-300x161.jpg 300w\" sizes=\"auto, (max-width: 490px) 100vw, 490px\" \/><\/a><\/figure>\n<\/figure>\n\n\n\n<div style=\"height:20px\" aria-hidden=\"true\" class=\"wp-block-spacer\"><\/div>\n\n\n\n<hr class=\"wp-block-separator has-alpha-channel-opacity\"\/>\n\n\n\n<h1 class=\"wp-block-heading has-text-align-center\">&gt;&gt;&gt; V\u00eddeo en YOUTUBE &lt;&lt;&lt;<\/h1>\n\n\n\n<figure class=\"wp-block-embed is-type-video is-provider-youtube wp-block-embed-youtube wp-embed-aspect-16-9 wp-has-aspect-ratio\"><div class=\"wp-block-embed__wrapper\">\n<iframe loading=\"lazy\" title=\"Casa de Brinco para bebes motivo oficios\" width=\"500\" height=\"281\" src=\"https:\/\/www.youtube.com\/embed\/3A8BnS9_EP8?feature=oembed\" frameborder=\"0\" allow=\"accelerometer; autoplay; clipboard-write; encrypted-media; gyroscope; picture-in-picture; web-share\" referrerpolicy=\"strict-origin-when-cross-origin\" allowfullscreen><\/iframe>\n<\/div><\/figure>\n\n\n\n<div style=\"height:20px\" aria-hidden=\"true\" class=\"wp-block-spacer\"><\/div>\n\n\n\n<hr class=\"wp-block-separator has-alpha-channel-opacity\"\/>\n\n\n\n<p class=\"has-text-align-center\"><strong>Nota Aclaratoria:<\/strong><\/p>\n\n\n\n<p class=\"has-text-align-center\">Visitas nuestra \u00e1rea de <a title=\"Pregunta Frecuentes\" href=\"https:\/\/alquilercasasdebrinco.com\/puertorico\/pregunta-frecuentes\/\"><strong>Pregunta Frecuentes<\/strong><\/a> aqu\u00ed tendr\u00e1s la respuesta a todas esas preguntas.<\/p>\n","protected":false},"excerpt":{"rendered":"<p>19&#8217;10&#8221; ancho x 18&#8217;6&#8243; Largo x 8\u2032 alto &gt;&gt;&gt; Precio del equipo &lt;&lt;&lt; $190.00 + IVU = $211.85 Lea condiciones abajo sobre el precio ! Capacidad de ni\u00f1os aproximados 1 a 10 M\u00e1ximo Peso de ni\u00f1os 20lbs a 125lbs Oferta para este equipo A\u00f1ade 1 maquina con 50 servicio por $35 + $190 + IVU &hellip; <a class=\"read-excerpt\" href=\"https:\/\/alquilercasasdebrinco.com\/puertorico\/equipos-y-precios\/equipo-de-rescate-toddlers\/\">Continue reading <span class=\"meta-nav\">&raquo;<\/span><\/a><\/p>\n","protected":false},"author":1,"featured_media":1659,"parent":6,"menu_order":16,"comment_status":"closed","ping_status":"closed","template":"","meta":{"_s2mail":"","footnotes":""},"class_list":["post-1658","page","type-page","status-publish","has-post-thumbnail","hentry"],"_links":{"self":[{"href":"https:\/\/alquilercasasdebrinco.com\/puertorico\/wp-json\/wp\/v2\/pages\/1658","targetHints":{"allow":["GET"]}}],"collection":[{"href":"https:\/\/alquilercasasdebrinco.com\/puertorico\/wp-json\/wp\/v2\/pages"}],"about":[{"href":"https:\/\/alquilercasasdebrinco.com\/puertorico\/wp-json\/wp\/v2\/types\/page"}],"author":[{"embeddable":true,"href":"https:\/\/alquilercasasdebrinco.com\/puertorico\/wp-json\/wp\/v2\/users\/1"}],"replies":[{"embeddable":true,"href":"https:\/\/alquilercasasdebrinco.com\/puertorico\/wp-json\/wp\/v2\/comments?post=1658"}],"version-history":[{"count":15,"href":"https:\/\/alquilercasasdebrinco.com\/puertorico\/wp-json\/wp\/v2\/pages\/1658\/revisions"}],"predecessor-version":[{"id":3138,"href":"https:\/\/alquilercasasdebrinco.com\/puertorico\/wp-json\/wp\/v2\/pages\/1658\/revisions\/3138"}],"up":[{"embeddable":true,"href":"https:\/\/alquilercasasdebrinco.com\/puertorico\/wp-json\/wp\/v2\/pages\/6"}],"wp:featuredmedia":[{"embeddable":true,"href":"https:\/\/alquilercasasdebrinco.com\/puertorico\/wp-json\/wp\/v2\/media\/1659"}],"wp:attachment":[{"href":"https:\/\/alquilercasasdebrinco.com\/puertorico\/wp-json\/wp\/v2\/media?parent=1658"}],"curies":[{"name":"wp","href":"https:\/\/api.w.org\/{rel}","templated":true}]}}