{"id":1700,"date":"2015-09-28T13:37:22","date_gmt":"2015-09-28T20:37:22","guid":{"rendered":"https:\/\/alquilercasasdebrinco.com\/puertorico\/?page_id=1700"},"modified":"2026-01-22T14:51:47","modified_gmt":"2026-01-22T21:51:47","slug":"doctora-juguete-13x13","status":"publish","type":"page","link":"https:\/\/alquilercasasdebrinco.com\/puertorico\/equipos-y-precios\/doctora-juguete-13x13\/","title":{"rendered":"Doctora Juguete 13&#215;13"},"content":{"rendered":"<div class=\"wp-block-image\">\n<figure class=\"aligncenter size-full\"><a href=\"https:\/\/alquilercasasdebrinco.com\/puertorico\/wp-content\/uploads\/2023\/07\/doc-juguete-2.jpg\"><img loading=\"lazy\" decoding=\"async\" width=\"401\" height=\"346\" src=\"https:\/\/alquilercasasdebrinco.com\/puertorico\/wp-content\/uploads\/2023\/07\/doc-juguete-2.jpg\" alt=\"\" class=\"wp-image-2969\" srcset=\"https:\/\/alquilercasasdebrinco.com\/puertorico\/wp-content\/uploads\/2023\/07\/doc-juguete-2.jpg 401w, https:\/\/alquilercasasdebrinco.com\/puertorico\/wp-content\/uploads\/2023\/07\/doc-juguete-2-300x259.jpg 300w\" sizes=\"auto, (max-width: 401px) 100vw, 401px\" \/><\/a><\/figure>\n<\/div>\n\n\n<p class=\"has-text-align-center\">13\u20194\u2033 ancho x 12\u2032.4\u2033 Largo x 15\u2032 alto &#8211; medidas aproximadas<\/p>\n\n\n\n<h1 class=\"wp-block-heading has-text-align-center\">&gt;&gt;&gt; Precio del equipo &lt;&lt;&lt;<\/h1>\n\n\n\n<h1 class=\"wp-block-heading has-text-align-center\"><span style=\"color: #ff0000;\">$100.00<\/span> + IVU =&nbsp;<span style=\"color: #3366ff;\">$111.50<\/span><\/h1>\n\n\n\n<h6 class=\"wp-block-heading has-text-align-center\">Lea condiciones abajo sobre el precio !<\/h6>\n\n\n\n<div style=\"height:20px\" aria-hidden=\"true\" class=\"wp-block-spacer\"><\/div>\n\n\n\n<hr class=\"wp-block-separator has-alpha-channel-opacity has-cool-to-warm-spectrum-gradient-background has-background is-style-wide\"\/>\n\n\n\n<div style=\"height:20px\" aria-hidden=\"true\" class=\"wp-block-spacer\"><\/div>\n\n\n\n<h3 class=\"wp-block-heading has-text-align-center\"><strong>Capacidad de ni\u00f1os aproximados:<\/strong><\/h3>\n\n\n\n<p class=\"has-text-align-center\">1 a 10 M\u00e1ximo<\/p>\n\n\n\n<h3 class=\"wp-block-heading has-text-align-center\"><strong>Peso de ni\u00f1os:<\/strong><\/h3>\n\n\n\n<p class=\"has-text-align-center\">20lbs a 125lbs<\/p>\n\n\n\n<div style=\"height:20px\" aria-hidden=\"true\" class=\"wp-block-spacer\"><\/div>\n\n\n\n<hr class=\"wp-block-separator has-alpha-channel-opacity has-cool-to-warm-spectrum-gradient-background has-background is-style-wide\"\/>\n\n\n\n<h1 class=\"wp-block-heading has-text-align-center\"><span style=\"text-decoration: underline;\"><span style=\"color: #ff0000; text-decoration: underline;\">Oferta para este equipo<\/span><\/span><\/h1>\n\n\n\n<p class=\"has-text-align-center\">A\u00f1ade 1 maquina con 50 servicio por &#8211; $35 + $100 + IVU = <strong><span style=\"color: #ff0000;\">$<strong>150.53<\/strong><\/span><\/strong><\/p>\n\n\n\n<p class=\"has-text-align-center\">A\u00f1ade 2\u00a0maquinas con 50 servicio cada equipo por &#8211; $70\u00a0+ $100 + IVU = <strong><span style=\"color: #ff0000;\">$<strong>189.55<\/strong><\/span><\/strong><\/p>\n\n\n\n<p class=\"has-text-align-center\"><strong>Maquinas disponibles<\/strong><\/p>\n\n\n\n<p class=\"has-text-align-center\">Popcorn o Algod\u00f3n<\/p>\n\n\n\n<p class=\"has-text-align-center\"><em><strong>Este precio no incluye ni operador ni entrega en el caso que aplique. <\/strong><\/em><\/p>\n\n\n\n<p class=\"has-text-align-center\"><em><strong><a title=\"Area de Cobertura\" href=\"https:\/\/alquilercasasdebrinco.com\/puertorico\/area-de-cobertura\/\">Verifica los costos de entrega aqui<\/a><\/strong><\/em><\/p>\n\n\n\n<p class=\"has-text-align-center\">Para servicios adicionales favor llamarnos al 787-518-9201<\/p>\n\n\n\n<p class=\"has-text-align-center\">Nota: Solo alquilamos las m\u00e1quinas. Usted tiene que tener la mesa listas para cuando llegue el equipo. Recomendamos que la mesa no sea menor de 24 pulgadas ancho por 49 pulgadas de largo para las dos m\u00e1quinas.<\/p>\n\n\n\n<pre class=\"wp-block-preformatted has-small-font-size\">*Oferta no v\u00e1lida para parques, visita ofertas para parques <a title=\"Ofertas Parques\" href=\"https:\/\/alquilercasasdebrinco.com\/puertorico\/ofertas-parques\/\">precionando aqui<\/a>*<\/pre>\n\n\n\n<div style=\"height:20px\" aria-hidden=\"true\" class=\"wp-block-spacer\"><\/div>\n\n\n\n<hr class=\"wp-block-separator has-alpha-channel-opacity has-cool-to-warm-spectrum-gradient-background has-background is-style-wide\"\/>\n\n\n\n<div style=\"height:20px\" aria-hidden=\"true\" class=\"wp-block-spacer\"><\/div>\n\n\n<div class=\"wp-block-image\">\n<figure class=\"aligncenter\"><a href=\"https:\/\/alquilercasasdebrinco.com\/reserva\/product\/doctora-juguetes\/\"><img loading=\"lazy\" decoding=\"async\" width=\"600\" height=\"153\" src=\"https:\/\/alquilercasasdebrinco.com\/puertorico\/wp-content\/uploads\/2015\/03\/reserva-online-grande.gif\" alt=\"reserva-online-grande\" class=\"wp-image-1387\"\/><\/a><\/figure>\n<\/div>\n\n\n<div style=\"height:20px\" aria-hidden=\"true\" class=\"wp-block-spacer\"><\/div>\n\n\n\n<hr class=\"wp-block-separator has-alpha-channel-opacity has-cool-to-warm-spectrum-gradient-background has-background is-style-wide\"\/>\n\n\n\n<h1 class=\"wp-block-heading has-text-align-center\">&gt;&gt;&gt; Fotos del Equipo&lt;&lt;&lt;<\/h1>\n\n\n\n<figure class=\"wp-block-gallery has-nested-images columns-default is-cropped wp-block-gallery-1 is-layout-flex wp-block-gallery-is-layout-flex\">\n<figure class=\"wp-block-image size-large\"><a href=\"https:\/\/alquilercasasdebrinco.com\/puertorico\/wp-content\/uploads\/2015\/09\/IMG_4422.jpg\"><img loading=\"lazy\" decoding=\"async\" width=\"1024\" height=\"768\" data-id=\"1747\" src=\"https:\/\/alquilercasasdebrinco.com\/puertorico\/wp-content\/uploads\/2015\/09\/IMG_4422-1024x768.jpg\" alt=\"\" class=\"wp-image-1747\" srcset=\"https:\/\/alquilercasasdebrinco.com\/puertorico\/wp-content\/uploads\/2015\/09\/IMG_4422-1024x768.jpg 1024w, https:\/\/alquilercasasdebrinco.com\/puertorico\/wp-content\/uploads\/2015\/09\/IMG_4422-300x225.jpg 300w, https:\/\/alquilercasasdebrinco.com\/puertorico\/wp-content\/uploads\/2015\/09\/IMG_4422.jpg 1280w\" sizes=\"auto, (max-width: 1024px) 100vw, 1024px\" \/><\/a><\/figure>\n\n\n\n<figure class=\"wp-block-image size-large\"><a href=\"https:\/\/alquilercasasdebrinco.com\/puertorico\/wp-content\/uploads\/2015\/09\/IMG_4426.jpg\"><img loading=\"lazy\" decoding=\"async\" width=\"1024\" height=\"768\" data-id=\"1750\" src=\"https:\/\/alquilercasasdebrinco.com\/puertorico\/wp-content\/uploads\/2015\/09\/IMG_4426-1024x768.jpg\" alt=\"\" class=\"wp-image-1750\" srcset=\"https:\/\/alquilercasasdebrinco.com\/puertorico\/wp-content\/uploads\/2015\/09\/IMG_4426-1024x768.jpg 1024w, https:\/\/alquilercasasdebrinco.com\/puertorico\/wp-content\/uploads\/2015\/09\/IMG_4426-300x225.jpg 300w, https:\/\/alquilercasasdebrinco.com\/puertorico\/wp-content\/uploads\/2015\/09\/IMG_4426.jpg 1280w\" sizes=\"auto, (max-width: 1024px) 100vw, 1024px\" \/><\/a><\/figure>\n\n\n\n<figure class=\"wp-block-image size-large\"><a href=\"https:\/\/alquilercasasdebrinco.com\/puertorico\/wp-content\/uploads\/2015\/09\/IMG_4425.jpg\"><img loading=\"lazy\" decoding=\"async\" width=\"1024\" height=\"768\" data-id=\"1749\" src=\"https:\/\/alquilercasasdebrinco.com\/puertorico\/wp-content\/uploads\/2015\/09\/IMG_4425-1024x768.jpg\" alt=\"\" class=\"wp-image-1749\" srcset=\"https:\/\/alquilercasasdebrinco.com\/puertorico\/wp-content\/uploads\/2015\/09\/IMG_4425-1024x768.jpg 1024w, https:\/\/alquilercasasdebrinco.com\/puertorico\/wp-content\/uploads\/2015\/09\/IMG_4425-300x225.jpg 300w, https:\/\/alquilercasasdebrinco.com\/puertorico\/wp-content\/uploads\/2015\/09\/IMG_4425.jpg 1280w\" sizes=\"auto, (max-width: 1024px) 100vw, 1024px\" \/><\/a><\/figure>\n\n\n\n<figure class=\"wp-block-image size-large\"><a href=\"https:\/\/alquilercasasdebrinco.com\/puertorico\/wp-content\/uploads\/2015\/09\/IMG_4424.jpg\"><img loading=\"lazy\" decoding=\"async\" width=\"1024\" height=\"768\" data-id=\"1748\" src=\"https:\/\/alquilercasasdebrinco.com\/puertorico\/wp-content\/uploads\/2015\/09\/IMG_4424-1024x768.jpg\" alt=\"\" class=\"wp-image-1748\" srcset=\"https:\/\/alquilercasasdebrinco.com\/puertorico\/wp-content\/uploads\/2015\/09\/IMG_4424-1024x768.jpg 1024w, https:\/\/alquilercasasdebrinco.com\/puertorico\/wp-content\/uploads\/2015\/09\/IMG_4424-300x225.jpg 300w, https:\/\/alquilercasasdebrinco.com\/puertorico\/wp-content\/uploads\/2015\/09\/IMG_4424.jpg 1280w\" sizes=\"auto, (max-width: 1024px) 100vw, 1024px\" \/><\/a><\/figure>\n<\/figure>\n\n\n\n<div style=\"height:20px\" aria-hidden=\"true\" class=\"wp-block-spacer\"><\/div>\n\n\n\n<hr class=\"wp-block-separator has-alpha-channel-opacity has-cool-to-warm-spectrum-gradient-background has-background is-style-wide\"\/>\n\n\n\n<h1 class=\"wp-block-heading has-text-align-center\">&gt;&gt;&gt; V\u00eddeos en YouTube &lt;&lt;&lt;&nbsp;<\/h1>\n\n\n\n<figure class=\"wp-block-embed is-type-video is-provider-youtube wp-block-embed-youtube wp-embed-aspect-16-9 wp-has-aspect-ratio\"><div class=\"wp-block-embed__wrapper\">\n<iframe loading=\"lazy\" title=\"Casa de brinco doctora juguete\" width=\"500\" height=\"281\" src=\"https:\/\/www.youtube.com\/embed\/rqMtI0Z0YDE?feature=oembed\" frameborder=\"0\" allow=\"accelerometer; autoplay; clipboard-write; encrypted-media; gyroscope; picture-in-picture; web-share\" referrerpolicy=\"strict-origin-when-cross-origin\" allowfullscreen><\/iframe>\n<\/div><\/figure>\n\n\n\n<div style=\"height:20px\" aria-hidden=\"true\" class=\"wp-block-spacer\"><\/div>\n\n\n\n<figure class=\"wp-block-embed is-type-video is-provider-youtube wp-block-embed-youtube wp-embed-aspect-16-9 wp-has-aspect-ratio\"><div class=\"wp-block-embed__wrapper\">\n<iframe loading=\"lazy\" title=\"Casa de Brinco de la Doctora Juguetes\" width=\"500\" height=\"281\" src=\"https:\/\/www.youtube.com\/embed\/RcwT2SKTbVQ?feature=oembed\" frameborder=\"0\" allow=\"accelerometer; autoplay; clipboard-write; encrypted-media; gyroscope; picture-in-picture; web-share\" referrerpolicy=\"strict-origin-when-cross-origin\" allowfullscreen><\/iframe>\n<\/div><\/figure>\n\n\n\n<div style=\"height:20px\" aria-hidden=\"true\" class=\"wp-block-spacer\"><\/div>\n\n\n\n<hr class=\"wp-block-separator has-alpha-channel-opacity has-cool-to-warm-spectrum-gradient-background has-background is-style-wide\"\/>\n\n\n\n<p class=\"has-text-align-center\"><strong>Nota Aclaratoria:<\/strong><\/p>\n\n\n\n<p class=\"has-text-align-center\">Visite nuestra \u00e1rea de <a title=\"Pregunta Frecuentes\" href=\"https:\/\/alquilercasasdebrinco.com\/puertorico\/pregunta-frecuentes\/\"><strong>Pregunta Frecuentes<\/strong><\/a> aqu\u00ed tendr\u00e1s la respuesta a todas esas preguntas.<\/p>\n","protected":false},"excerpt":{"rendered":"<p>13\u20194\u2033 ancho x 12\u2032.4\u2033 Largo x 15\u2032 alto &#8211; medidas aproximadas &gt;&gt;&gt; Precio del equipo &lt;&lt;&lt; $100.00 + IVU =&nbsp;$111.50 Lea condiciones abajo sobre el precio ! Capacidad de ni\u00f1os aproximados: 1 a 10 M\u00e1ximo Peso de ni\u00f1os: 20lbs a 125lbs Oferta para este equipo A\u00f1ade 1 maquina con 50 servicio por &#8211; $35 + &hellip; <a class=\"read-excerpt\" href=\"https:\/\/alquilercasasdebrinco.com\/puertorico\/equipos-y-precios\/doctora-juguete-13x13\/\">Continue reading <span class=\"meta-nav\">&raquo;<\/span><\/a><\/p>\n","protected":false},"author":1,"featured_media":1747,"parent":6,"menu_order":0,"comment_status":"closed","ping_status":"closed","template":"","meta":{"_s2mail":"","footnotes":""},"class_list":["post-1700","page","type-page","status-publish","has-post-thumbnail","hentry"],"_links":{"self":[{"href":"https:\/\/alquilercasasdebrinco.com\/puertorico\/wp-json\/wp\/v2\/pages\/1700","targetHints":{"allow":["GET"]}}],"collection":[{"href":"https:\/\/alquilercasasdebrinco.com\/puertorico\/wp-json\/wp\/v2\/pages"}],"about":[{"href":"https:\/\/alquilercasasdebrinco.com\/puertorico\/wp-json\/wp\/v2\/types\/page"}],"author":[{"embeddable":true,"href":"https:\/\/alquilercasasdebrinco.com\/puertorico\/wp-json\/wp\/v2\/users\/1"}],"replies":[{"embeddable":true,"href":"https:\/\/alquilercasasdebrinco.com\/puertorico\/wp-json\/wp\/v2\/comments?post=1700"}],"version-history":[{"count":12,"href":"https:\/\/alquilercasasdebrinco.com\/puertorico\/wp-json\/wp\/v2\/pages\/1700\/revisions"}],"predecessor-version":[{"id":3105,"href":"https:\/\/alquilercasasdebrinco.com\/puertorico\/wp-json\/wp\/v2\/pages\/1700\/revisions\/3105"}],"up":[{"embeddable":true,"href":"https:\/\/alquilercasasdebrinco.com\/puertorico\/wp-json\/wp\/v2\/pages\/6"}],"wp:featuredmedia":[{"embeddable":true,"href":"https:\/\/alquilercasasdebrinco.com\/puertorico\/wp-json\/wp\/v2\/media\/1747"}],"wp:attachment":[{"href":"https:\/\/alquilercasasdebrinco.com\/puertorico\/wp-json\/wp\/v2\/media?parent=1700"}],"curies":[{"name":"wp","href":"https:\/\/api.w.org\/{rel}","templated":true}]}}