{"id":20,"date":"2011-02-22T20:19:04","date_gmt":"2011-02-23T03:19:04","guid":{"rendered":"https:\/\/alquilercasasdebrinco.com\/puertorico\/"},"modified":"2023-05-18T20:18:53","modified_gmt":"2023-05-19T03:18:53","slug":"pregunta-frecuentes","status":"publish","type":"page","link":"https:\/\/alquilercasasdebrinco.com\/puertorico\/pregunta-frecuentes\/","title":{"rendered":"Pregunta Frecuentes"},"content":{"rendered":"<ol>\n<li>\n<blockquote style=\"margin: 0 0 0 40px; border: none; padding: 0px;\"><p><strong><a href=\"https:\/\/alquilercasasdebrinco.com\/puertorico\/wp-content\/uploads\/2011\/02\/preguntas-frecuentes0.png\"><img loading=\"lazy\" decoding=\"async\" class=\"alignright size-full wp-image-65\" title=\"preguntas-frecuentes0\" src=\"https:\/\/alquilercasasdebrinco.com\/puertorico\/wp-content\/uploads\/2011\/02\/preguntas-frecuentes0.png\" alt=\"\" width=\"225\" height=\"318\" srcset=\"https:\/\/alquilercasasdebrinco.com\/puertorico\/wp-content\/uploads\/2011\/02\/preguntas-frecuentes0.png 225w, https:\/\/alquilercasasdebrinco.com\/puertorico\/wp-content\/uploads\/2011\/02\/preguntas-frecuentes0-212x300.png 212w\" sizes=\"auto, (max-width: 225px) 100vw, 225px\" \/><\/a><\/strong><\/p><\/blockquote>\n<p><strong>\u00bfTienen licencia de bombero y seguro?<\/strong><strong><br \/>\n<\/strong>Si contamos con todos los permisos requeridos por ley 111 del 2003 para operar inflables en Puerto Rico. Licencia de bombero, responsabilidad p\u00fablica y patentes al d\u00eda.<\/li>\n<li><strong>\u00bfCu\u00e1ntas horas estar\u00e1 la casa de brinco?<\/strong><strong><br \/>\n<\/strong>El alquiler es por actividad y lo m\u00e1s temprano que la entregamos es a las 11am y lo m\u00e1s tarde que la recogemos es a las 7:30pm. Este horario puede variar en parques o actividades que requieran operador (persona encargada del equipo) en este tipo de actividad solo ser\u00e1 por el tiempo que este el operador.<\/li>\n<li><strong>\u00bfHay que buscar el equipo?<\/strong><br \/>\nNo, si su actividad est\u00e1 en el \u00e1rea de cobertura nosotros la llevamos y la recogemos. Solo en instalaciones b\u00e1sicas. B\u00e1sico significa no se suben escaleras y<span class=\"apple-converted-space\">\u00a0<\/span>\u00e1reas cerca de donde se baje el equipo de la van. Si la instalaci\u00f3n no es b\u00e1sica puede tener un costo adicional de $5 a $20 d\u00f3lares dependiendo de la dificultad.\u00a0<strong>No<\/strong> removemos objetos del \u00e1rea donde quiera instalar el equipo, el \u00e1rea tiene que estar preparada antes de nosotros llegar.<\/li>\n<li><strong>\u00bfHorarios de renta de los equipos?<\/strong><br \/>\nSi su actividad no es en parque, ni centros y tampoco cuentas con operaro\u00a0el horario puede variar de<strong> 11:30am a 7:30pm<\/strong>. Esto significa que usted puede coger dentro de este tiempo el que guste. <strong><em>Nota<\/em><\/strong> &#8211; La mayoria de los clientes piden recoger a las 9pm. Por tal razon el instalador puede recoger su equipo hasta una hora antes de la 9pm para asi poder complir con los demas clientes.<\/li>\n<li><strong>\u00bfSe puede buscar el equipo rentado?<\/strong><br \/>\nSi, es posible. Solo necesita 1 identificacion con foto que est\u00e9 vigente y la licencia del auto con el que va a buscar el equipo. En algunos casos sale mas economico el recogerla en nuestro almacen.<\/li>\n<li><strong>\u00bfSi quiero separar como puedo hacerlo?<\/strong><br \/>\nUsted puede <a href=\"http:\/\/alquilercasasdebrinco.com\/reserva\"><strong>reservar online<\/strong><\/a> o llamarnos al 787-518-9201 para asegurar la fecha de su actividad. Pedimos un dep\u00f3sito de $25.00 d\u00f3lares por casa de brinco separada.<\/li>\n<li><strong>\u00bfQu\u00e9 m\u00e9todos hay para el dep\u00f3sito?<\/strong><br \/>\nTenemos 3 opciones. Usted selecciona la que m\u00e1s le convenga.<\/p>\n<ol>\n<li><strong>Depositar directamente en cualquier Banco Popular<\/strong> la cantidad acordad por el encargado. Despu\u00e9s de haber verificado la disponibilidad de su fecha. Usted se quedara con el recibo del banco y de necesitar la factura es posible enviarle por correo electr\u00f3nico.<\/li>\n<li><strong>ATH MOVIL<\/strong> &#8211; hacer un deposito con la aplicacion ATH Movil al 787-518-9201<\/li>\n<li>Puede <a href=\"http:\/\/alquilercasasdebrinco.com\/reserva\"><strong>reservar online<\/strong><\/a> y pagar por<strong> Paypal<\/strong> la renta del equipo.<\/li>\n<\/ol>\n<\/li>\n<li><strong>\u00bfHaceptan pagos en cheque?<\/strong><br \/>\nSi! Pero sepa que si su cuenta no tiene fondo suficiente a la hora del cobro <strong>se cobrara un cargo adicional de $25.00<\/strong><\/li>\n<li><strong>\u00bfSus equipos incluyen operador (personal a cargo del equipo)?<\/strong><br \/>\nEn la gran mayor\u00eda de las ofertas o precios\u00a0puestos en la p\u00e1gina son sin operador. Si gusta\u00a0 operador tenemos personal adiestrado con un costo adicional. El precio varia por horas que guste que este la persona.<\/li>\n<li><strong>\u00bfUstedes van a parques?<\/strong><br \/>\nSi! Solo que para entrar a los parques es obligatorio tener un operador y esto tiene un costo adicional. El equipo solo estar\u00eda el tiempo que este el operador. <a href=\"https:\/\/alquilercasasdebrinco.com\/puertorico\/ofertas-parques\/\">Verifia las Ofertas de Parques Aqui<\/a><\/li>\n<li><strong>\u00bfTienen sillas y mesas?<\/strong><br \/>\nNo solo trabajamos casas de brinco, maquinas de popcorn y algod\u00f3n y\u00a0display de nachos por el momento.<\/li>\n<li><strong>\u00bfLas <b>m\u00e1quinas\u00a0<\/b>\u00a0de popcorn, algod<b>\u00f3<\/b>n y nacho traen mesa?<br \/>\n<\/strong>No, usted tiene que tener un \u00e1rea asignada para estos equipos.<\/li>\n<li><strong>\u00bfLos inflables de agua traen las mangueras?<strong><br \/>\n<\/strong><\/strong>No, ya\u00a0que solo usted sabe d\u00f3nde quiere instalar el equipo y a donde est\u00e1 la toma de agua.<\/li>\n<\/ol>\n","protected":false},"excerpt":{"rendered":"<p>\u00bfTienen licencia de bombero y seguro? Si contamos con todos los permisos requeridos por ley 111 del 2003 para operar inflables en Puerto Rico. Licencia de bombero, responsabilidad p\u00fablica y patentes al d\u00eda. \u00bfCu\u00e1ntas horas estar\u00e1 la casa de brinco? El alquiler es por actividad y lo m\u00e1s temprano que la entregamos es a las &hellip; <a class=\"read-excerpt\" href=\"https:\/\/alquilercasasdebrinco.com\/puertorico\/pregunta-frecuentes\/\">Continue reading <span class=\"meta-nav\">&raquo;<\/span><\/a><\/p>\n","protected":false},"author":1,"featured_media":0,"parent":0,"menu_order":5,"comment_status":"open","ping_status":"closed","template":"","meta":{"_s2mail":"yes","footnotes":""},"class_list":["post-20","page","type-page","status-publish","hentry"],"_links":{"self":[{"href":"https:\/\/alquilercasasdebrinco.com\/puertorico\/wp-json\/wp\/v2\/pages\/20","targetHints":{"allow":["GET"]}}],"collection":[{"href":"https:\/\/alquilercasasdebrinco.com\/puertorico\/wp-json\/wp\/v2\/pages"}],"about":[{"href":"https:\/\/alquilercasasdebrinco.com\/puertorico\/wp-json\/wp\/v2\/types\/page"}],"author":[{"embeddable":true,"href":"https:\/\/alquilercasasdebrinco.com\/puertorico\/wp-json\/wp\/v2\/users\/1"}],"replies":[{"embeddable":true,"href":"https:\/\/alquilercasasdebrinco.com\/puertorico\/wp-json\/wp\/v2\/comments?post=20"}],"version-history":[{"count":23,"href":"https:\/\/alquilercasasdebrinco.com\/puertorico\/wp-json\/wp\/v2\/pages\/20\/revisions"}],"predecessor-version":[{"id":2645,"href":"https:\/\/alquilercasasdebrinco.com\/puertorico\/wp-json\/wp\/v2\/pages\/20\/revisions\/2645"}],"wp:attachment":[{"href":"https:\/\/alquilercasasdebrinco.com\/puertorico\/wp-json\/wp\/v2\/media?parent=20"}],"curies":[{"name":"wp","href":"https:\/\/api.w.org\/{rel}","templated":true}]}}