{"id":2043,"date":"2017-01-14T07:18:04","date_gmt":"2017-01-14T14:18:04","guid":{"rendered":"https:\/\/alquilercasasdebrinco.com\/puertorico\/?page_id=2043"},"modified":"2026-01-22T14:49:43","modified_gmt":"2026-01-22T21:49:43","slug":"castillo-11x11","status":"publish","type":"page","link":"https:\/\/alquilercasasdebrinco.com\/puertorico\/equipos-y-precios\/castillo-11x11\/","title":{"rendered":"Castillo 11&#215;11"},"content":{"rendered":"<div class=\"wp-block-image\">\n<figure class=\"aligncenter\"><a href=\"https:\/\/alquilercasasdebrinco.com\/puertorico\/wp-content\/uploads\/2017\/01\/castillo11x11-2.jpg\"><img loading=\"lazy\" decoding=\"async\" width=\"578\" height=\"770\" src=\"https:\/\/alquilercasasdebrinco.com\/puertorico\/wp-content\/uploads\/2017\/01\/castillo11x11-2.jpg\" alt=\"\" class=\"wp-image-2045\" srcset=\"https:\/\/alquilercasasdebrinco.com\/puertorico\/wp-content\/uploads\/2017\/01\/castillo11x11-2.jpg 578w, https:\/\/alquilercasasdebrinco.com\/puertorico\/wp-content\/uploads\/2017\/01\/castillo11x11-2-225x300.jpg 225w, https:\/\/alquilercasasdebrinco.com\/puertorico\/wp-content\/uploads\/2017\/01\/castillo11x11-2-23x30.jpg 23w\" sizes=\"auto, (max-width: 578px) 100vw, 578px\" \/><\/a><\/figure>\n<\/div>\n\n\n<p class=\"has-text-align-center\">&nbsp;11&#8217;2&#8243; Ancho x (11&#8217;2&#8243; Largo + 3&#8242; Entrada + 3&#8242; Tubo Motores) x &nbsp;12&#8242; Alto<\/p>\n\n\n\n<h1 class=\"wp-block-heading has-text-align-center\">&gt;&gt;&gt; Precio del equipo &lt;&lt;&lt;<\/h1>\n\n\n\n<h1 class=\"wp-block-heading has-text-align-center\"><span style=\"color: #ff0000;\">$75.00<\/span> + IVU =&nbsp;<span style=\"color: #3366ff;\">$83.63<\/span><\/h1>\n\n\n\n<h6 class=\"wp-block-heading has-text-align-center\">Lea condiciones abajo sobre el precio !<\/h6>\n\n\n\n<div style=\"height:20px\" aria-hidden=\"true\" class=\"wp-block-spacer\"><\/div>\n\n\n\n<hr class=\"wp-block-separator has-alpha-channel-opacity\"\/>\n\n\n\n<div style=\"height:20px\" aria-hidden=\"true\" class=\"wp-block-spacer\"><\/div>\n\n\n\n<h3 class=\"wp-block-heading has-text-align-center\"><strong>Capacidad de ni\u00f1os aproximados:<\/strong><\/h3>\n\n\n\n<p class=\"has-text-align-center\"><span style=\"font-size: revert; text-align: center; color: initial;\">1 a 15 M\u00e1ximo<\/span><\/p>\n\n\n\n<h3 class=\"wp-block-heading has-text-align-center\"><strong>Peso de ni\u00f1os:<\/strong><\/h3>\n\n\n\n<p class=\"has-text-align-center\"><span style=\"font-size: revert; color: initial;\">20lbs a 150lbs<\/span><\/p>\n\n\n\n<div style=\"height:20px\" aria-hidden=\"true\" class=\"wp-block-spacer\"><\/div>\n\n\n\n<hr class=\"wp-block-separator has-alpha-channel-opacity\"\/>\n\n\n\n<h1 class=\"wp-block-heading has-text-align-center\"><span style=\"text-decoration: underline;\"><span style=\"color: #ff0000; text-decoration: underline;\">Oferta para este equipo<\/span><\/span><\/h1>\n\n\n\n<p class=\"has-text-align-center\">A\u00f1ade 1 maquina con 50 servicio por &#8211; $35 + $75 + IVU = <strong><span style=\"color: #ff0000;\">$122.65<\/span><\/strong><\/p>\n\n\n\n<p class=\"has-text-align-center\">A\u00f1ade 2\u00a0maquinas con 50 servicio cada equipo por &#8211; $70\u00a0+ $75 + IVU = <strong><span style=\"color: #ff0000;\">$161.68<\/span><\/strong><\/p>\n\n\n\n<p class=\"has-text-align-center\"><strong>Maquinas disponibles<\/strong><\/p>\n\n\n\n<p class=\"has-text-align-center\">Popcorn o Algod\u00f3n<\/p>\n\n\n\n<p class=\"has-text-align-center\"><em><strong>Este precio no incluye ni operador ni entrega en el caso que aplique. <\/strong><\/em><\/p>\n\n\n\n<p class=\"has-text-align-center\"><em><strong><a title=\"Area de Cobertura\" href=\"https:\/\/alquilercasasdebrinco.com\/puertorico\/area-de-cobertura\/\">Verifica los costos de entrega aqui<\/a><\/strong><\/em><\/p>\n\n\n\n<p class=\"has-text-align-center\">Para servicios adicionales favor llamarnos al 787-518-9201<\/p>\n\n\n\n<p class=\"has-text-align-center\">Nota: Solo alquilamos las m\u00e1quinas. Usted tiene que tener la mesa listas para cuando llegue el equipo. Recomendamos que la mesa no sea menor de 24 pulgadas ancho por 49 pulgadas de largo para las dos m\u00e1quinas.<\/p>\n\n\n\n<pre class=\"wp-block-preformatted\">*Oferta no v\u00e1lida para parques, visita ofertas para parques <a title=\"Ofertas Parques\" href=\"https:\/\/alquilercasasdebrinco.com\/puertorico\/ofertas-parques\/\">precionando aqui<\/a>*<\/pre>\n\n\n\n<div style=\"height:20px\" aria-hidden=\"true\" class=\"wp-block-spacer\"><\/div>\n\n\n\n<hr class=\"wp-block-separator has-alpha-channel-opacity\"\/>\n\n\n\n<div style=\"height:20px\" aria-hidden=\"true\" class=\"wp-block-spacer\"><\/div>\n\n\n<div class=\"wp-block-image\">\n<figure class=\"aligncenter\"><a href=\"https:\/\/alquilercasasdebrinco.com\/reserva\/product\/castillo-11x11\/\"><img loading=\"lazy\" decoding=\"async\" width=\"600\" height=\"153\" src=\"https:\/\/alquilercasasdebrinco.com\/puertorico\/wp-content\/uploads\/2015\/03\/reserva-online-grande.gif\" alt=\"reserva-online-grande\" class=\"wp-image-1387\"\/><\/a><\/figure>\n<\/div>\n\n\n<div style=\"height:20px\" aria-hidden=\"true\" class=\"wp-block-spacer\"><\/div>\n\n\n\n<hr class=\"wp-block-separator has-alpha-channel-opacity\"\/>\n\n\n\n<h1 class=\"wp-block-heading has-text-align-center\">&gt;&gt;&gt; Fotos del Equipo &lt;&lt;&lt;<\/h1>\n\n\n\n<figure class=\"wp-block-gallery has-nested-images columns-default is-cropped wp-block-gallery-1 is-layout-flex wp-block-gallery-is-layout-flex\">\n<figure class=\"wp-block-image size-large\"><a href=\"https:\/\/alquilercasasdebrinco.com\/puertorico\/wp-content\/uploads\/2023\/07\/casadebrinco-11x11-1.jpg\"><img loading=\"lazy\" decoding=\"async\" width=\"1024\" height=\"768\" data-id=\"2674\" src=\"https:\/\/alquilercasasdebrinco.com\/puertorico\/wp-content\/uploads\/2023\/07\/casadebrinco-11x11-1.jpg\" alt=\"casadebrinco\" class=\"wp-image-2674\" srcset=\"https:\/\/alquilercasasdebrinco.com\/puertorico\/wp-content\/uploads\/2023\/07\/casadebrinco-11x11-1.jpg 1024w, https:\/\/alquilercasasdebrinco.com\/puertorico\/wp-content\/uploads\/2023\/07\/casadebrinco-11x11-1-300x225.jpg 300w, https:\/\/alquilercasasdebrinco.com\/puertorico\/wp-content\/uploads\/2023\/07\/casadebrinco-11x11-1-768x576.jpg 768w\" sizes=\"auto, (max-width: 1024px) 100vw, 1024px\" \/><\/a><\/figure>\n\n\n\n<figure class=\"wp-block-image size-large\"><a href=\"https:\/\/alquilercasasdebrinco.com\/puertorico\/wp-content\/uploads\/2023\/07\/casadebrinco-11x11-2.jpg\"><img loading=\"lazy\" decoding=\"async\" width=\"1024\" height=\"768\" data-id=\"2675\" src=\"https:\/\/alquilercasasdebrinco.com\/puertorico\/wp-content\/uploads\/2023\/07\/casadebrinco-11x11-2.jpg\" alt=\"\" class=\"wp-image-2675\" srcset=\"https:\/\/alquilercasasdebrinco.com\/puertorico\/wp-content\/uploads\/2023\/07\/casadebrinco-11x11-2.jpg 1024w, https:\/\/alquilercasasdebrinco.com\/puertorico\/wp-content\/uploads\/2023\/07\/casadebrinco-11x11-2-300x225.jpg 300w, https:\/\/alquilercasasdebrinco.com\/puertorico\/wp-content\/uploads\/2023\/07\/casadebrinco-11x11-2-768x576.jpg 768w\" sizes=\"auto, (max-width: 1024px) 100vw, 1024px\" \/><\/a><\/figure>\n<\/figure>\n\n\n\n<div style=\"height:20px\" aria-hidden=\"true\" class=\"wp-block-spacer\"><\/div>\n\n\n\n<hr class=\"wp-block-separator has-alpha-channel-opacity\"\/>\n\n\n\n<h2 class=\"wp-block-heading has-text-align-center\">V\u00eddeos del Equipo en Youtube<\/h2>\n\n\n\n<figure class=\"wp-block-embed aligncenter is-type-video is-provider-youtube wp-block-embed-youtube wp-embed-aspect-16-9 wp-has-aspect-ratio\"><div class=\"wp-block-embed__wrapper\">\n<iframe loading=\"lazy\" title=\"Castillo inflable medida 11x11\" width=\"500\" height=\"281\" src=\"https:\/\/www.youtube.com\/embed\/n7LgByNITkI?feature=oembed\" frameborder=\"0\" allow=\"accelerometer; autoplay; clipboard-write; encrypted-media; gyroscope; picture-in-picture; web-share\" referrerpolicy=\"strict-origin-when-cross-origin\" allowfullscreen><\/iframe>\n<\/div><\/figure>\n\n\n\n<div style=\"height:20px\" aria-hidden=\"true\" class=\"wp-block-spacer\"><\/div>\n\n\n\n<hr class=\"wp-block-separator has-alpha-channel-opacity\"\/>\n\n\n\n<p class=\"has-text-align-center\"><strong>Nota Aclaratoria:<\/strong><\/p>\n\n\n\n<p class=\"has-text-align-center\">Visitas nuestra \u00e1rea de <a title=\"Pregunta Frecuentes\" href=\"https:\/\/alquilercasasdebrinco.com\/puertorico\/pregunta-frecuentes\/\"><strong>Pregunta Frecuentes<\/strong><\/a> aqu\u00ed tendr\u00e1s la respuesta a todas esas preguntas.<\/p>\n","protected":false},"excerpt":{"rendered":"<p>&nbsp;11&#8217;2&#8243; Ancho x (11&#8217;2&#8243; Largo + 3&#8242; Entrada + 3&#8242; Tubo Motores) x &nbsp;12&#8242; Alto &gt;&gt;&gt; Precio del equipo &lt;&lt;&lt; $75.00 + IVU =&nbsp;$83.63 Lea condiciones abajo sobre el precio ! Capacidad de ni\u00f1os aproximados: 1 a 15 M\u00e1ximo Peso de ni\u00f1os: 20lbs a 150lbs Oferta para este equipo A\u00f1ade 1 maquina con 50 servicio &hellip; <a class=\"read-excerpt\" href=\"https:\/\/alquilercasasdebrinco.com\/puertorico\/equipos-y-precios\/castillo-11x11\/\">Continue reading <span class=\"meta-nav\">&raquo;<\/span><\/a><\/p>\n","protected":false},"author":1,"featured_media":2906,"parent":6,"menu_order":0,"comment_status":"closed","ping_status":"closed","template":"","meta":{"_s2mail":"","footnotes":""},"class_list":["post-2043","page","type-page","status-publish","has-post-thumbnail","hentry"],"_links":{"self":[{"href":"https:\/\/alquilercasasdebrinco.com\/puertorico\/wp-json\/wp\/v2\/pages\/2043","targetHints":{"allow":["GET"]}}],"collection":[{"href":"https:\/\/alquilercasasdebrinco.com\/puertorico\/wp-json\/wp\/v2\/pages"}],"about":[{"href":"https:\/\/alquilercasasdebrinco.com\/puertorico\/wp-json\/wp\/v2\/types\/page"}],"author":[{"embeddable":true,"href":"https:\/\/alquilercasasdebrinco.com\/puertorico\/wp-json\/wp\/v2\/users\/1"}],"replies":[{"embeddable":true,"href":"https:\/\/alquilercasasdebrinco.com\/puertorico\/wp-json\/wp\/v2\/comments?post=2043"}],"version-history":[{"count":14,"href":"https:\/\/alquilercasasdebrinco.com\/puertorico\/wp-json\/wp\/v2\/pages\/2043\/revisions"}],"predecessor-version":[{"id":3102,"href":"https:\/\/alquilercasasdebrinco.com\/puertorico\/wp-json\/wp\/v2\/pages\/2043\/revisions\/3102"}],"up":[{"embeddable":true,"href":"https:\/\/alquilercasasdebrinco.com\/puertorico\/wp-json\/wp\/v2\/pages\/6"}],"wp:featuredmedia":[{"embeddable":true,"href":"https:\/\/alquilercasasdebrinco.com\/puertorico\/wp-json\/wp\/v2\/media\/2906"}],"wp:attachment":[{"href":"https:\/\/alquilercasasdebrinco.com\/puertorico\/wp-json\/wp\/v2\/media?parent=2043"}],"curies":[{"name":"wp","href":"https:\/\/api.w.org\/{rel}","templated":true}]}}