{"id":26,"date":"2011-02-22T20:25:45","date_gmt":"2011-02-23T03:25:45","guid":{"rendered":"https:\/\/alquilercasasdebrinco.com\/puertorico\/"},"modified":"2023-07-25T12:24:53","modified_gmt":"2023-07-25T19:24:53","slug":"videos","status":"publish","type":"page","link":"https:\/\/alquilercasasdebrinco.com\/puertorico\/videos\/","title":{"rendered":"Videos"},"content":{"rendered":"\n<p class=\"has-text-align-center\">C\u00f3mo recoger una casa de brinco<\/p>\n\n\n\n<figure class=\"wp-block-embed is-type-video is-provider-youtube wp-block-embed-youtube wp-embed-aspect-4-3 wp-has-aspect-ratio\"><div class=\"wp-block-embed__wrapper\">\n<iframe loading=\"lazy\" title=\"Recogido Casa de Brinco 13x13 una sola persona\" width=\"500\" height=\"375\" src=\"https:\/\/www.youtube.com\/embed\/khUByC1BR7o?feature=oembed\" frameborder=\"0\" allow=\"accelerometer; autoplay; clipboard-write; encrypted-media; gyroscope; picture-in-picture; web-share\" referrerpolicy=\"strict-origin-when-cross-origin\" allowfullscreen><\/iframe>\n<\/div><\/figure>\n\n\n\n<p class=\"has-text-align-center\"><\/p>\n\n\n\n<hr class=\"wp-block-separator has-alpha-channel-opacity\"\/>\n\n\n\n<p><\/p>\n\n\n\n<p class=\"has-text-align-center\">Bombero inspeccionado nuestros equipos<\/p>\n\n\n\n<p><\/p>\n\n\n\n<figure class=\"wp-block-embed is-type-video is-provider-youtube wp-block-embed-youtube wp-embed-aspect-4-3 wp-has-aspect-ratio\"><div class=\"wp-block-embed__wrapper\">\n<iframe loading=\"lazy\" title=\"Bomberos inspeccionando nuestros equipos\" width=\"500\" height=\"375\" src=\"https:\/\/www.youtube.com\/embed\/mTlC73txEVU?feature=oembed\" frameborder=\"0\" allow=\"accelerometer; autoplay; clipboard-write; encrypted-media; gyroscope; picture-in-picture; web-share\" referrerpolicy=\"strict-origin-when-cross-origin\" allowfullscreen><\/iframe>\n<\/div><\/figure>\n\n\n\n<hr class=\"wp-block-separator has-alpha-channel-opacity\"\/>\n\n\n\n<p class=\"has-text-align-center\"><\/p>\n\n\n<div class=\"wp-block-image\">\n<figure class=\"aligncenter\"><a href=\"http:\/\/alquilercasasdebrinco.com\/reserva\/\"><img loading=\"lazy\" decoding=\"async\" width=\"600\" height=\"153\" src=\"https:\/\/alquilercasasdebrinco.com\/puertorico\/wp-content\/uploads\/2015\/03\/reserva-online-grande.gif\" alt=\"reserva-online-grande\" class=\"wp-image-1387\"\/><\/a><\/figure>\n<\/div>\n\n\n<p class=\"has-text-align-center\"><\/p>\n\n\n\n<hr class=\"wp-block-separator has-alpha-channel-opacity\"\/>\n\n\n\n<p><\/p>\n\n\n\n<p class=\"has-text-align-center\">Como hacer popcorn con maquina<\/p>\n\n\n\n<p><\/p>\n\n\n\n<figure class=\"wp-block-embed is-type-video is-provider-youtube wp-block-embed-youtube wp-embed-aspect-16-9 wp-has-aspect-ratio\"><div class=\"wp-block-embed__wrapper\">\n<iframe loading=\"lazy\" title=\"How to Use the Popcorn Machine\" width=\"500\" height=\"281\" src=\"https:\/\/www.youtube.com\/embed\/Lr-AeedQe-k?feature=oembed\" frameborder=\"0\" allow=\"accelerometer; autoplay; clipboard-write; encrypted-media; gyroscope; picture-in-picture; web-share\" referrerpolicy=\"strict-origin-when-cross-origin\" allowfullscreen><\/iframe>\n<\/div><\/figure>\n\n\n\n<hr class=\"wp-block-separator has-alpha-channel-opacity\"\/>\n\n\n\n<p class=\"has-text-align-center\"><\/p>\n\n\n<div class=\"wp-block-image\">\n<figure class=\"aligncenter\"><a href=\"http:\/\/alquilercasasdebrinco.com\/reserva\/\"><img loading=\"lazy\" decoding=\"async\" width=\"600\" height=\"153\" src=\"https:\/\/alquilercasasdebrinco.com\/puertorico\/wp-content\/uploads\/2015\/03\/reserva-online-grande.gif\" alt=\"reserva-online-grande\" class=\"wp-image-1387\"\/><\/a><\/figure>\n<\/div>\n\n\n<p class=\"has-text-align-center\"><\/p>\n\n\n\n<hr class=\"wp-block-separator has-alpha-channel-opacity\"\/>\n\n\n\n<p class=\"has-text-align-center\"><\/p>\n\n\n\n<p class=\"has-text-align-center\">Como hacer azucar de color para las maquinas de algodon<\/p>\n\n\n\n<figure class=\"wp-block-embed is-type-video is-provider-youtube wp-block-embed-youtube wp-embed-aspect-16-9 wp-has-aspect-ratio\"><div class=\"wp-block-embed__wrapper\">\n<iframe loading=\"lazy\" title=\"\u2714 Recetas de Cocina | Como Hacer Az\u00facar de Colores para Algod\u00f3n de Az\u00facar\" width=\"500\" height=\"281\" src=\"https:\/\/www.youtube.com\/embed\/E3Cyqh7j818?feature=oembed\" frameborder=\"0\" allow=\"accelerometer; autoplay; clipboard-write; encrypted-media; gyroscope; picture-in-picture; web-share\" referrerpolicy=\"strict-origin-when-cross-origin\" allowfullscreen><\/iframe>\n<\/div><\/figure>\n\n\n\n<p class=\"has-text-align-center\"><\/p>\n\n\n\n<hr class=\"wp-block-separator has-alpha-channel-opacity\"\/>\n\n\n\n<p><\/p>\n\n\n<div class=\"wp-block-image\">\n<figure class=\"aligncenter\"><a href=\"http:\/\/alquilercasasdebrinco.com\/reserva\/\"><img loading=\"lazy\" decoding=\"async\" width=\"600\" height=\"153\" src=\"https:\/\/alquilercasasdebrinco.com\/puertorico\/wp-content\/uploads\/2015\/03\/reserva-online-grande.gif\" alt=\"reserva-online-grande\" class=\"wp-image-1387\"\/><\/a><\/figure>\n<\/div>\n\n\n<p class=\"has-text-align-center\"><\/p>\n\n\n\n<hr class=\"wp-block-separator has-alpha-channel-opacity\"\/>\n\n\n\n<p class=\"has-text-align-center\">Limpiando equipos<\/p>\n\n\n\n<figure class=\"wp-block-embed is-type-video is-provider-youtube wp-block-embed-youtube wp-embed-aspect-4-3 wp-has-aspect-ratio\"><div class=\"wp-block-embed__wrapper\">\n<iframe loading=\"lazy\" title=\"Limpiando casa de brinco\" width=\"500\" height=\"375\" src=\"https:\/\/www.youtube.com\/embed\/ld3x6JEg0Zo?feature=oembed\" frameborder=\"0\" allow=\"accelerometer; autoplay; clipboard-write; encrypted-media; gyroscope; picture-in-picture; web-share\" referrerpolicy=\"strict-origin-when-cross-origin\" allowfullscreen><\/iframe>\n<\/div><\/figure>\n\n\n\n<p class=\"has-text-align-center\"><\/p>\n\n\n\n<figure class=\"wp-block-embed is-type-video is-provider-youtube wp-block-embed-youtube wp-embed-aspect-16-9 wp-has-aspect-ratio\"><div class=\"wp-block-embed__wrapper\">\n<iframe loading=\"lazy\" title=\"Casa de Brinco 3 en 1 - 787-518-9201\" width=\"500\" height=\"281\" src=\"https:\/\/www.youtube.com\/embed\/blse_iEkpXA?feature=oembed\" frameborder=\"0\" allow=\"accelerometer; autoplay; clipboard-write; encrypted-media; gyroscope; picture-in-picture; web-share\" referrerpolicy=\"strict-origin-when-cross-origin\" allowfullscreen><\/iframe>\n<\/div><\/figure>\n\n\n\n<p class=\"has-text-align-center\"><\/p>\n\n\n\n<hr class=\"wp-block-separator has-alpha-channel-opacity\"\/>\n\n\n\n<p class=\"has-text-align-center\"><\/p>\n\n\n<div class=\"wp-block-image\">\n<figure class=\"aligncenter\"><a href=\"http:\/\/alquilercasasdebrinco.com\/reserva\/\"><img loading=\"lazy\" decoding=\"async\" width=\"600\" height=\"153\" src=\"https:\/\/alquilercasasdebrinco.com\/puertorico\/wp-content\/uploads\/2015\/03\/reserva-online-grande.gif\" alt=\"reserva-online-grande\" class=\"wp-image-1387\"\/><\/a><\/figure>\n<\/div>\n\n\n<p class=\"has-text-align-center\"><\/p>\n\n\n\n<hr class=\"wp-block-separator has-alpha-channel-opacity\"\/>\n\n\n\n<p><\/p>\n\n\n\n<h2 class=\"wp-block-heading has-text-align-center\">Frozen<\/h2>\n\n\n\n<figure class=\"wp-block-embed is-type-video is-provider-youtube wp-block-embed-youtube wp-embed-aspect-16-9 wp-has-aspect-ratio\"><div class=\"wp-block-embed__wrapper\">\n<iframe loading=\"lazy\" title=\"Casa de Brinco motivo Frozen\" width=\"500\" height=\"281\" src=\"https:\/\/www.youtube.com\/embed\/XqAe-wg0Z2g?feature=oembed\" frameborder=\"0\" allow=\"accelerometer; autoplay; clipboard-write; encrypted-media; gyroscope; picture-in-picture; web-share\" referrerpolicy=\"strict-origin-when-cross-origin\" allowfullscreen><\/iframe>\n<\/div><\/figure>\n\n\n\n<p class=\"has-text-align-center\"><\/p>\n\n\n\n<hr class=\"wp-block-separator has-alpha-channel-opacity\"\/>\n\n\n\n<p><\/p>\n\n\n<div class=\"wp-block-image\">\n<figure class=\"aligncenter\"><a href=\"http:\/\/alquilercasasdebrinco.com\/reserva\/\"><img loading=\"lazy\" decoding=\"async\" width=\"600\" height=\"153\" src=\"https:\/\/alquilercasasdebrinco.com\/puertorico\/wp-content\/uploads\/2015\/03\/reserva-online-grande.gif\" alt=\"reserva-online-grande\" class=\"wp-image-1387\"\/><\/a><\/figure>\n<\/div>\n\n\n<p class=\"has-text-align-center\"><\/p>\n\n\n\n<hr class=\"wp-block-separator has-alpha-channel-opacity\"\/>\n\n\n\n<p class=\"has-text-align-center\"><\/p>\n\n\n\n<h2 class=\"wp-block-heading has-text-align-center\">Cars<\/h2>\n\n\n\n<figure class=\"wp-block-embed is-type-video is-provider-youtube wp-block-embed-youtube wp-embed-aspect-16-9 wp-has-aspect-ratio\"><div class=\"wp-block-embed__wrapper\">\n<iframe loading=\"lazy\" title=\"Casa de brinco motivo Cars\" width=\"500\" height=\"281\" src=\"https:\/\/www.youtube.com\/embed\/jwgBrl8y_BQ?feature=oembed\" frameborder=\"0\" allow=\"accelerometer; autoplay; clipboard-write; encrypted-media; gyroscope; picture-in-picture; web-share\" referrerpolicy=\"strict-origin-when-cross-origin\" allowfullscreen><\/iframe>\n<\/div><\/figure>\n\n\n\n<p class=\"has-text-align-center\"><\/p>\n\n\n\n<hr class=\"wp-block-separator has-alpha-channel-opacity\"\/>\n\n\n\n<p class=\"has-text-align-center\"><\/p>\n\n\n<div class=\"wp-block-image\">\n<figure class=\"aligncenter\"><a href=\"http:\/\/alquilercasasdebrinco.com\/reserva\/\"><img loading=\"lazy\" decoding=\"async\" width=\"600\" height=\"153\" src=\"https:\/\/alquilercasasdebrinco.com\/puertorico\/wp-content\/uploads\/2015\/03\/reserva-online-grande.gif\" alt=\"reserva-online-grande\" class=\"wp-image-1387\"\/><\/a><\/figure>\n<\/div>\n\n\n<p class=\"has-text-align-center\"><\/p>\n\n\n\n<hr class=\"wp-block-separator has-alpha-channel-opacity\"\/>\n\n\n\n<h2 class=\"wp-block-heading has-text-align-center\">Princesas<\/h2>\n\n\n\n<p><\/p>\n\n\n\n<figure class=\"wp-block-embed is-type-video is-provider-youtube wp-block-embed-youtube wp-embed-aspect-16-9 wp-has-aspect-ratio\"><div class=\"wp-block-embed__wrapper\">\n<iframe loading=\"lazy\" title=\"Casa de brinco motivo de princesas\" width=\"500\" height=\"281\" src=\"https:\/\/www.youtube.com\/embed\/YhSCe8sWvGk?feature=oembed\" frameborder=\"0\" allow=\"accelerometer; autoplay; clipboard-write; encrypted-media; gyroscope; picture-in-picture; web-share\" referrerpolicy=\"strict-origin-when-cross-origin\" allowfullscreen><\/iframe>\n<\/div><\/figure>\n\n\n\n<p class=\"has-text-align-center\"><\/p>\n\n\n\n<hr class=\"wp-block-separator has-alpha-channel-opacity\"\/>\n\n\n\n<p><\/p>\n\n\n<div class=\"wp-block-image\">\n<figure class=\"aligncenter\"><a href=\"http:\/\/alquilercasasdebrinco.com\/reserva\/\"><img loading=\"lazy\" decoding=\"async\" width=\"600\" height=\"153\" src=\"https:\/\/alquilercasasdebrinco.com\/puertorico\/wp-content\/uploads\/2015\/03\/reserva-online-grande.gif\" alt=\"reserva-online-grande\" class=\"wp-image-1387\"\/><\/a><\/figure>\n<\/div>\n\n\n<p class=\"has-text-align-center\"><\/p>\n\n\n\n<hr class=\"wp-block-separator has-alpha-channel-opacity\"\/>\n\n\n\n<h2 class=\"wp-block-heading\">Mickey Park<\/h2>\n\n\n\n<figure class=\"wp-block-embed is-type-video is-provider-youtube wp-block-embed-youtube wp-embed-aspect-16-9 wp-has-aspect-ratio\"><div class=\"wp-block-embed__wrapper\">\n<iframe loading=\"lazy\" title=\"Casa de brinco motivo de Mickey y Minnie\" width=\"500\" height=\"281\" src=\"https:\/\/www.youtube.com\/embed\/JRJ-k9vUigg?feature=oembed\" frameborder=\"0\" allow=\"accelerometer; autoplay; clipboard-write; encrypted-media; gyroscope; picture-in-picture; web-share\" referrerpolicy=\"strict-origin-when-cross-origin\" allowfullscreen><\/iframe>\n<\/div><\/figure>\n\n\n\n<p class=\"has-text-align-center\"><\/p>\n\n\n\n<hr class=\"wp-block-separator has-alpha-channel-opacity\"\/>\n\n\n\n<p class=\"has-text-align-center\"><\/p>\n\n\n<div class=\"wp-block-image\">\n<figure class=\"aligncenter\"><a href=\"http:\/\/alquilercasasdebrinco.com\/reserva\/\"><img loading=\"lazy\" decoding=\"async\" width=\"600\" height=\"153\" src=\"https:\/\/alquilercasasdebrinco.com\/puertorico\/wp-content\/uploads\/2015\/03\/reserva-online-grande.gif\" alt=\"reserva-online-grande\" class=\"wp-image-1387\"\/><\/a><\/figure>\n<\/div>\n\n\n<p class=\"has-text-align-center\"><\/p>\n\n\n\n<p class=\"has-text-align-center\"><\/p>\n\n\n\n<hr class=\"wp-block-separator has-alpha-channel-opacity\"\/>\n\n\n\n<h2 class=\"wp-block-heading\">Barco Pirata<\/h2>\n\n\n\n<figure class=\"wp-block-embed is-type-video is-provider-youtube wp-block-embed-youtube wp-embed-aspect-4-3 wp-has-aspect-ratio\"><div class=\"wp-block-embed__wrapper\">\n<iframe loading=\"lazy\" title=\"Inflable en forma de barco pirata\" width=\"500\" height=\"375\" src=\"https:\/\/www.youtube.com\/embed\/ffHzdLeqoYE?feature=oembed\" frameborder=\"0\" allow=\"accelerometer; autoplay; clipboard-write; encrypted-media; gyroscope; picture-in-picture; web-share\" referrerpolicy=\"strict-origin-when-cross-origin\" allowfullscreen><\/iframe>\n<\/div><\/figure>\n\n\n\n<p class=\"has-text-align-center\"><\/p>\n\n\n\n<p><\/p>\n\n\n\n<hr class=\"wp-block-separator has-alpha-channel-opacity\"\/>\n\n\n\n<p class=\"has-text-align-center\"><\/p>\n\n\n<div class=\"wp-block-image\">\n<figure class=\"aligncenter\"><a href=\"http:\/\/alquilercasasdebrinco.com\/reserva\/\"><img loading=\"lazy\" decoding=\"async\" width=\"600\" height=\"153\" src=\"https:\/\/alquilercasasdebrinco.com\/puertorico\/wp-content\/uploads\/2015\/03\/reserva-online-grande.gif\" alt=\"reserva-online-grande\" class=\"wp-image-1387\"\/><\/a><\/figure>\n<\/div>\n\n\n<p class=\"has-text-align-center\"><\/p>\n\n\n\n<hr class=\"wp-block-separator has-alpha-channel-opacity\"\/>\n\n\n\n<h2 class=\"wp-block-heading\">5 en 1<\/h2>\n\n\n\n<figure class=\"wp-block-embed is-type-video is-provider-youtube wp-block-embed-youtube wp-embed-aspect-16-9 wp-has-aspect-ratio\"><div class=\"wp-block-embed__wrapper\">\n<iframe loading=\"lazy\" title=\"Casa de Brinco 5 en 1 - 787-518-9201 alquiler en area metro Puerto Rico\" width=\"500\" height=\"281\" src=\"https:\/\/www.youtube.com\/embed\/0_nz_3a95_o?feature=oembed\" frameborder=\"0\" allow=\"accelerometer; autoplay; clipboard-write; encrypted-media; gyroscope; picture-in-picture; web-share\" referrerpolicy=\"strict-origin-when-cross-origin\" allowfullscreen><\/iframe>\n<\/div><\/figure>\n\n\n\n<p class=\"has-text-align-center\"><\/p>\n\n\n\n<hr class=\"wp-block-separator has-alpha-channel-opacity\"\/>\n\n\n\n<p class=\"has-text-align-center\"><\/p>\n\n\n<div class=\"wp-block-image\">\n<figure class=\"aligncenter\"><a href=\"http:\/\/alquilercasasdebrinco.com\/reserva\/\"><img loading=\"lazy\" decoding=\"async\" width=\"600\" height=\"153\" src=\"https:\/\/alquilercasasdebrinco.com\/puertorico\/wp-content\/uploads\/2015\/03\/reserva-online-grande.gif\" alt=\"reserva-online-grande\" class=\"wp-image-1387\"\/><\/a><\/figure>\n<\/div>\n\n\n<p class=\"has-text-align-center\"><\/p>\n\n\n\n<hr class=\"wp-block-separator has-alpha-channel-opacity\"\/>\n\n\n\n<h2 class=\"wp-block-heading\">7 en 1<\/h2>\n\n\n\n<figure class=\"wp-block-embed is-type-video is-provider-youtube wp-block-embed-youtube wp-embed-aspect-4-3 wp-has-aspect-ratio\"><div class=\"wp-block-embed__wrapper\">\n<iframe loading=\"lazy\" title=\"Inflable 7 en 1\" width=\"500\" height=\"375\" src=\"https:\/\/www.youtube.com\/embed\/YBfwd8ssWNo?feature=oembed\" frameborder=\"0\" allow=\"accelerometer; autoplay; clipboard-write; encrypted-media; gyroscope; picture-in-picture; web-share\" referrerpolicy=\"strict-origin-when-cross-origin\" allowfullscreen><\/iframe>\n<\/div><\/figure>\n\n\n\n<p class=\"has-text-align-center\"><\/p>\n\n\n\n<hr class=\"wp-block-separator has-alpha-channel-opacity\"\/>\n\n\n\n<p class=\"has-text-align-center\"><\/p>\n\n\n<div class=\"wp-block-image\">\n<figure class=\"aligncenter\"><a href=\"http:\/\/alquilercasasdebrinco.com\/reserva\/\"><img loading=\"lazy\" decoding=\"async\" width=\"600\" height=\"153\" src=\"https:\/\/alquilercasasdebrinco.com\/puertorico\/wp-content\/uploads\/2015\/03\/reserva-online-grande.gif\" alt=\"reserva-online-grande\" class=\"wp-image-1387\"\/><\/a><\/figure>\n<\/div>\n\n\n<p class=\"has-text-align-center\"><\/p>\n\n\n\n<hr class=\"wp-block-separator has-alpha-channel-opacity\"\/>\n\n\n\n<h2 class=\"wp-block-heading\">Mini Castillo 9&#215;9<\/h2>\n\n\n\n<figure class=\"wp-block-embed is-type-video is-provider-youtube wp-block-embed-youtube wp-embed-aspect-4-3 wp-has-aspect-ratio\"><div class=\"wp-block-embed__wrapper\">\n<iframe loading=\"lazy\" title=\"Mini castillo inflable\" width=\"500\" height=\"375\" src=\"https:\/\/www.youtube.com\/embed\/ooebk0t-fdY?feature=oembed\" frameborder=\"0\" allow=\"accelerometer; autoplay; clipboard-write; encrypted-media; gyroscope; picture-in-picture; web-share\" referrerpolicy=\"strict-origin-when-cross-origin\" allowfullscreen><\/iframe>\n<\/div><\/figure>\n\n\n\n<p class=\"has-text-align-center\"><\/p>\n\n\n\n<p class=\"has-text-align-center\"><\/p>\n\n\n\n<hr class=\"wp-block-separator has-alpha-channel-opacity\"\/>\n\n\n<div class=\"wp-block-image\">\n<figure class=\"aligncenter\"><a href=\"http:\/\/alquilercasasdebrinco.com\/reserva\/\"><img loading=\"lazy\" decoding=\"async\" width=\"600\" height=\"153\" src=\"https:\/\/alquilercasasdebrinco.com\/puertorico\/wp-content\/uploads\/2015\/03\/reserva-online-grande.gif\" alt=\"reserva-online-grande\" class=\"wp-image-1387\"\/><\/a><\/figure>\n<\/div>\n\n\n<p class=\"has-text-align-center\"><\/p>\n\n\n\n<hr class=\"wp-block-separator has-alpha-channel-opacity\"\/>\n\n\n\n<p class=\"has-text-align-center\"><\/p>\n\n\n\n<h2 class=\"wp-block-heading\">Castillo Rosa<\/h2>\n\n\n\n<p><\/p>\n\n\n\n<p class=\"has-text-align-center\">[youtube]http:\/\/www.youtube.com\/watch?v=JbocF3EjDbg[\/youtube]<\/p>\n\n\n\n<p class=\"has-text-align-center\">************************************************************************************<\/p>\n\n\n\n<figure class=\"wp-block-image\"><a href=\"http:\/\/alquilercasasdebrinco.com\/reserva\/\"><img loading=\"lazy\" decoding=\"async\" width=\"600\" height=\"153\" src=\"https:\/\/alquilercasasdebrinco.com\/puertorico\/wp-content\/uploads\/2015\/03\/reserva-online-grande.gif\" alt=\"reserva-online-grande\" class=\"wp-image-1387\"\/><\/a><\/figure>\n\n\n\n<p class=\"has-text-align-center\"><\/p>\n\n\n\n<p class=\"has-text-align-center\">************************************************************************************<\/p>\n\n\n\n<h2 class=\"wp-block-heading\">Arco de Llegada<\/h2>\n\n\n\n<p class=\"has-text-align-center\">[youtube]https:\/\/www.youtube.com\/watch?v=Y9IVsCa&#8211;Pk[\/youtube]<\/p>\n\n\n\n<p class=\"has-text-align-center\">************************************************************************************<\/p>\n\n\n\n<figure class=\"wp-block-image\"><a href=\"http:\/\/alquilercasasdebrinco.com\/reserva\/\"><img loading=\"lazy\" decoding=\"async\" width=\"600\" height=\"153\" src=\"https:\/\/alquilercasasdebrinco.com\/puertorico\/wp-content\/uploads\/2015\/03\/reserva-online-grande.gif\" alt=\"reserva-online-grande\" class=\"wp-image-1387\"\/><\/a><\/figure>\n\n\n\n<p class=\"has-text-align-center\"><\/p>\n\n\n\n<p class=\"has-text-align-center\">************************************************************************************<\/p>\n\n\n\n<h2 class=\"wp-block-heading\">Chorrera Regular&nbsp;&#8211; 4 en 1 &#8211; 13&#215;13 Castillo<\/h2>\n\n\n\n<p class=\"has-text-align-center\">[youtube]http:\/\/www.youtube.com\/watch?v=UH4Jt09PXO0[\/youtube]<\/p>\n\n\n\n<p class=\"has-text-align-center\">[youtube]http:\/\/www.youtube.com\/watch?v=Dg9N5yoQDPE[\/youtube]<\/p>\n\n\n\n<p class=\"has-text-align-center\">************************************************************************************<\/p>\n\n\n\n<figure class=\"wp-block-image\"><a href=\"http:\/\/alquilercasasdebrinco.com\/reserva\/\"><img loading=\"lazy\" decoding=\"async\" width=\"600\" height=\"153\" src=\"https:\/\/alquilercasasdebrinco.com\/puertorico\/wp-content\/uploads\/2015\/03\/reserva-online-grande.gif\" alt=\"reserva-online-grande\" class=\"wp-image-1387\"\/><\/a><\/figure>\n\n\n\n<p class=\"has-text-align-center\"><\/p>\n\n\n\n<p class=\"has-text-align-center\">************************************************************************************<\/p>\n\n\n\n<figure class=\"wp-block-embed aligncenter is-type-video is-provider-youtube wp-block-embed-youtube wp-embed-aspect-16-9 wp-has-aspect-ratio\"><div class=\"wp-block-embed__wrapper\">\n<iframe loading=\"lazy\" title=\"Limpieza y recogido de casa de brinco\" width=\"500\" height=\"281\" src=\"https:\/\/www.youtube.com\/embed\/ATwJLZqrH5Q?feature=oembed\" frameborder=\"0\" allow=\"accelerometer; autoplay; clipboard-write; encrypted-media; gyroscope; picture-in-picture; web-share\" referrerpolicy=\"strict-origin-when-cross-origin\" allowfullscreen><\/iframe>\n<\/div><\/figure>\n","protected":false},"excerpt":{"rendered":"<p>C\u00f3mo recoger una casa de brinco Bombero inspeccionado nuestros equipos Como hacer popcorn con maquina Como hacer azucar de color para las maquinas de algodon Limpiando equipos Frozen Cars Princesas Mickey Park Barco Pirata 5 en 1 7 en 1 Mini Castillo 9&#215;9 Castillo Rosa [youtube]http:\/\/www.youtube.com\/watch?v=JbocF3EjDbg[\/youtube] ************************************************************************************ ************************************************************************************ Arco de Llegada [youtube]https:\/\/www.youtube.com\/watch?v=Y9IVsCa&#8211;Pk[\/youtube] ************************************************************************************ ************************************************************************************ Chorrera &hellip; <a class=\"read-excerpt\" href=\"https:\/\/alquilercasasdebrinco.com\/puertorico\/videos\/\">Continue reading <span class=\"meta-nav\">&raquo;<\/span><\/a><\/p>\n","protected":false},"author":1,"featured_media":0,"parent":0,"menu_order":7,"comment_status":"open","ping_status":"closed","template":"","meta":{"_s2mail":"yes","footnotes":""},"class_list":["post-26","page","type-page","status-publish","hentry"],"_links":{"self":[{"href":"https:\/\/alquilercasasdebrinco.com\/puertorico\/wp-json\/wp\/v2\/pages\/26","targetHints":{"allow":["GET"]}}],"collection":[{"href":"https:\/\/alquilercasasdebrinco.com\/puertorico\/wp-json\/wp\/v2\/pages"}],"about":[{"href":"https:\/\/alquilercasasdebrinco.com\/puertorico\/wp-json\/wp\/v2\/types\/page"}],"author":[{"embeddable":true,"href":"https:\/\/alquilercasasdebrinco.com\/puertorico\/wp-json\/wp\/v2\/users\/1"}],"replies":[{"embeddable":true,"href":"https:\/\/alquilercasasdebrinco.com\/puertorico\/wp-json\/wp\/v2\/comments?post=26"}],"version-history":[{"count":28,"href":"https:\/\/alquilercasasdebrinco.com\/puertorico\/wp-json\/wp\/v2\/pages\/26\/revisions"}],"predecessor-version":[{"id":2807,"href":"https:\/\/alquilercasasdebrinco.com\/puertorico\/wp-json\/wp\/v2\/pages\/26\/revisions\/2807"}],"wp:attachment":[{"href":"https:\/\/alquilercasasdebrinco.com\/puertorico\/wp-json\/wp\/v2\/media?parent=26"}],"curies":[{"name":"wp","href":"https:\/\/api.w.org\/{rel}","templated":true}]}}