{"id":31,"date":"2011-02-22T20:37:15","date_gmt":"2011-02-23T03:37:15","guid":{"rendered":"https:\/\/alquilercasasdebrinco.com\/puertorico\/"},"modified":"2023-07-25T16:08:07","modified_gmt":"2023-07-25T23:08:07","slug":"area-de-cobertura","status":"publish","type":"page","link":"https:\/\/alquilercasasdebrinco.com\/puertorico\/area-de-cobertura\/","title":{"rendered":"Area de Cobertura"},"content":{"rendered":"<div class=\"wp-block-image\">\n<figure class=\"aligncenter\"><img loading=\"lazy\" decoding=\"async\" width=\"600\" height=\"230\" src=\"https:\/\/alquilercasasdebrinco.com\/puertorico\/wp-content\/uploads\/2011\/02\/areadecobertura1.png\" alt=\"areadecobertura\" class=\"wp-image-384\" srcset=\"https:\/\/alquilercasasdebrinco.com\/puertorico\/wp-content\/uploads\/2011\/02\/areadecobertura1.png 600w, https:\/\/alquilercasasdebrinco.com\/puertorico\/wp-content\/uploads\/2011\/02\/areadecobertura1-300x115.png 300w\" sizes=\"auto, (max-width: 600px) 100vw, 600px\" \/><\/figure>\n<\/div>\n\n\n<p class=\"has-text-align-center\"><span style=\"color: #ffcc00;\"><strong>==&gt;&gt;&gt;<\/strong><\/span>&nbsp;<span style=\"text-decoration: underline;\"><b><u>\u00c1rea&nbsp;Amarilla Entrega Gratis<\/u><\/b><\/span> <span style=\"color: #ffcc00;\">&lt;&lt;&lt;===<\/span><\/p>\n\n\n\n<p class=\"has-text-align-center\">Bayam\u00f3n &#8211; Toa Alta &#8211; Toa Baja &#8211; Dorado &#8211; Cata\u00f1o &#8211; San Juan &#8211; Guaynabo<\/p>\n\n\n\n<p class=\"has-text-align-center\">EL MAPA SOLO ES UNA REFERENCIA<\/p>\n\n\n\n<div style=\"height:20px\" aria-hidden=\"true\" class=\"wp-block-spacer\"><\/div>\n\n\n\n<hr class=\"wp-block-separator has-alpha-channel-opacity has-cool-to-warm-spectrum-gradient-background has-background is-style-wide\"\/>\n\n\n\n<div style=\"height:20px\" aria-hidden=\"true\" class=\"wp-block-spacer\"><\/div>\n\n\n<div class=\"wp-block-image\">\n<figure class=\"aligncenter\"><a href=\"http:\/\/alquilercasasdebrinco.com\/reserva\/\"><img loading=\"lazy\" decoding=\"async\" width=\"600\" height=\"153\" src=\"https:\/\/alquilercasasdebrinco.com\/puertorico\/wp-content\/uploads\/2015\/03\/reserva-online-grande.gif\" alt=\"reserva-online-grande\" class=\"wp-image-1387\"\/><\/a><\/figure>\n<\/div>\n\n\n<div style=\"height:30px\" aria-hidden=\"true\" class=\"wp-block-spacer\"><\/div>\n\n\n\n<hr class=\"wp-block-separator has-alpha-channel-opacity has-cool-to-warm-spectrum-gradient-background has-background is-style-wide\"\/>\n\n\n\n<div style=\"height:40px\" aria-hidden=\"true\" class=\"wp-block-spacer\"><\/div>\n","protected":false},"excerpt":{"rendered":"<p>==&gt;&gt;&gt;&nbsp;\u00c1rea&nbsp;Amarilla Entrega Gratis &lt;&lt;&lt;=== Bayam\u00f3n &#8211; Toa Alta &#8211; Toa Baja &#8211; Dorado &#8211; Cata\u00f1o &#8211; San Juan &#8211; Guaynabo EL MAPA SOLO ES UNA REFERENCIA<\/p>\n","protected":false},"author":1,"featured_media":384,"parent":0,"menu_order":4,"comment_status":"open","ping_status":"closed","template":"","meta":{"_s2mail":"yes","footnotes":""},"class_list":["post-31","page","type-page","status-publish","has-post-thumbnail","hentry"],"_links":{"self":[{"href":"https:\/\/alquilercasasdebrinco.com\/puertorico\/wp-json\/wp\/v2\/pages\/31","targetHints":{"allow":["GET"]}}],"collection":[{"href":"https:\/\/alquilercasasdebrinco.com\/puertorico\/wp-json\/wp\/v2\/pages"}],"about":[{"href":"https:\/\/alquilercasasdebrinco.com\/puertorico\/wp-json\/wp\/v2\/types\/page"}],"author":[{"embeddable":true,"href":"https:\/\/alquilercasasdebrinco.com\/puertorico\/wp-json\/wp\/v2\/users\/1"}],"replies":[{"embeddable":true,"href":"https:\/\/alquilercasasdebrinco.com\/puertorico\/wp-json\/wp\/v2\/comments?post=31"}],"version-history":[{"count":28,"href":"https:\/\/alquilercasasdebrinco.com\/puertorico\/wp-json\/wp\/v2\/pages\/31\/revisions"}],"predecessor-version":[{"id":2892,"href":"https:\/\/alquilercasasdebrinco.com\/puertorico\/wp-json\/wp\/v2\/pages\/31\/revisions\/2892"}],"wp:featuredmedia":[{"embeddable":true,"href":"https:\/\/alquilercasasdebrinco.com\/puertorico\/wp-json\/wp\/v2\/media\/384"}],"wp:attachment":[{"href":"https:\/\/alquilercasasdebrinco.com\/puertorico\/wp-json\/wp\/v2\/media?parent=31"}],"curies":[{"name":"wp","href":"https:\/\/api.w.org\/{rel}","templated":true}]}}