{"id":602,"date":"2014-03-02T09:52:11","date_gmt":"2014-03-02T16:52:11","guid":{"rendered":"https:\/\/alquilercasasdebrinco.com\/puertorico\/?page_id=602"},"modified":"2023-07-25T12:05:34","modified_gmt":"2023-07-25T19:05:34","slug":"ofertas-parques","status":"publish","type":"page","link":"https:\/\/alquilercasasdebrinco.com\/puertorico\/ofertas-parques\/","title":{"rendered":"Ofertas Parques"},"content":{"rendered":"\n<h1 class=\"wp-block-heading has-text-align-center has-x-large-font-size\"><span style=\"text-decoration: underline;\"><span style=\"color: #ff0000; text-decoration: underline;\">Por el momento no estamos trabajando parques que necesiten operador (Estamos corto de personal) disculpen los inconvenientes.<\/span><\/span><\/h1>\n\n\n\n<p><\/p>\n\n\n\n<hr class=\"wp-block-separator has-alpha-channel-opacity\"\/>\n\n\n\n<p><\/p>\n\n\n<div class=\"wp-block-image\">\n<figure class=\"aligncenter\"><a href=\"http:\/\/alquilercasasdebrinco.com\/reserva\/\"><img loading=\"lazy\" decoding=\"async\" width=\"600\" height=\"153\" src=\"https:\/\/alquilercasasdebrinco.com\/puertorico\/wp-content\/uploads\/2015\/03\/reserva-online-grande.gif\" alt=\"reserva-online-grande\" class=\"wp-image-1387\"\/><\/a><\/figure>\n<\/div>\n\n\n<p class=\"has-text-align-center\"><\/p>\n\n\n\n<hr class=\"wp-block-separator has-alpha-channel-opacity\"\/>\n\n\n\n<p class=\"has-text-align-center\">Ll\u00e1manos al 787-518-9201 si necesitas ofertas con alg\u00fan otro equipo que no esta aqu\u00ed o que tengan maquinas de popcorn y algod\u00f3n. Podemos ayudarte ! Ll\u00e1manos sin compromiso.<\/p>\n\n\n\n<p><\/p>\n","protected":false},"excerpt":{"rendered":"<p>Por el momento no estamos trabajando parques que necesiten operador (Estamos corto de personal) disculpen los inconvenientes. Ll\u00e1manos al 787-518-9201 si necesitas ofertas con alg\u00fan otro equipo que no esta aqu\u00ed o que tengan maquinas de popcorn y algod\u00f3n. Podemos ayudarte ! Ll\u00e1manos sin compromiso.<\/p>\n","protected":false},"author":1,"featured_media":0,"parent":0,"menu_order":10,"comment_status":"open","ping_status":"closed","template":"","meta":{"_s2mail":"yes","footnotes":""},"class_list":["post-602","page","type-page","status-publish","hentry"],"_links":{"self":[{"href":"https:\/\/alquilercasasdebrinco.com\/puertorico\/wp-json\/wp\/v2\/pages\/602","targetHints":{"allow":["GET"]}}],"collection":[{"href":"https:\/\/alquilercasasdebrinco.com\/puertorico\/wp-json\/wp\/v2\/pages"}],"about":[{"href":"https:\/\/alquilercasasdebrinco.com\/puertorico\/wp-json\/wp\/v2\/types\/page"}],"author":[{"embeddable":true,"href":"https:\/\/alquilercasasdebrinco.com\/puertorico\/wp-json\/wp\/v2\/users\/1"}],"replies":[{"embeddable":true,"href":"https:\/\/alquilercasasdebrinco.com\/puertorico\/wp-json\/wp\/v2\/comments?post=602"}],"version-history":[{"count":26,"href":"https:\/\/alquilercasasdebrinco.com\/puertorico\/wp-json\/wp\/v2\/pages\/602\/revisions"}],"predecessor-version":[{"id":2796,"href":"https:\/\/alquilercasasdebrinco.com\/puertorico\/wp-json\/wp\/v2\/pages\/602\/revisions\/2796"}],"wp:attachment":[{"href":"https:\/\/alquilercasasdebrinco.com\/puertorico\/wp-json\/wp\/v2\/media?parent=602"}],"curies":[{"name":"wp","href":"https:\/\/api.w.org\/{rel}","templated":true}]}}