{"id":971,"date":"2014-08-20T06:44:52","date_gmt":"2014-08-20T13:44:52","guid":{"rendered":"https:\/\/alquilercasasdebrinco.com\/puertorico\/?page_id=971"},"modified":"2026-01-22T15:00:14","modified_gmt":"2026-01-22T22:00:14","slug":"frozen","status":"publish","type":"page","link":"https:\/\/alquilercasasdebrinco.com\/puertorico\/equipos-y-precios\/frozen\/","title":{"rendered":"Frozen"},"content":{"rendered":"<div class=\"wp-block-image\">\n<figure class=\"aligncenter size-full\"><a href=\"https:\/\/alquilercasasdebrinco.com\/puertorico\/wp-content\/uploads\/2014\/08\/F-J-M_dt.jpg\"><img loading=\"lazy\" decoding=\"async\" width=\"410\" height=\"346\" src=\"https:\/\/alquilercasasdebrinco.com\/puertorico\/wp-content\/uploads\/2014\/08\/F-J-M_dt.jpg\" alt=\"\" class=\"wp-image-1812\" srcset=\"https:\/\/alquilercasasdebrinco.com\/puertorico\/wp-content\/uploads\/2014\/08\/F-J-M_dt.jpg 410w, https:\/\/alquilercasasdebrinco.com\/puertorico\/wp-content\/uploads\/2014\/08\/F-J-M_dt-300x253.jpg 300w\" sizes=\"auto, (max-width: 410px) 100vw, 410px\" \/><\/a><\/figure>\n<\/div>\n\n\n<p class=\"has-text-align-center\">13&#8217;4&#8243;&nbsp;ancho x 12&#8242;.4&#8243; Largo x 16&#8242; alto<\/p>\n\n\n\n<h1 class=\"wp-block-heading has-text-align-center\"><strong>&gt;&gt;&gt; Precio del Equipo &lt;&lt;&lt;<\/strong><\/h1>\n\n\n\n<p class=\"has-text-align-center has-vivid-red-color has-text-color has-large-font-size\"><strong>$100.00 + IVU = $111.50<\/strong><\/p>\n\n\n\n<p class=\"has-text-align-center has-small-font-size\">Lea condiciones abajo sobre el precio !<\/p>\n\n\n\n<div style=\"height:20px\" aria-hidden=\"true\" class=\"wp-block-spacer\"><\/div>\n\n\n\n<hr class=\"wp-block-separator has-css-opacity\"\/>\n\n\n\n<div style=\"height:20px\" aria-hidden=\"true\" class=\"wp-block-spacer\"><\/div>\n\n\n\n<p class=\"has-text-align-center has-medium-font-size\"><strong>Capacidad de ni\u00f1os aproximados:<\/strong><\/p>\n\n\n\n<p class=\"has-text-align-center\">1 a 10 M\u00e1ximo<\/p>\n\n\n\n<p class=\"has-text-align-center has-medium-font-size\"><strong>Peso de ni\u00f1os:<\/strong><\/p>\n\n\n\n<p class=\"has-text-align-center\">20lbs a 125lbs<\/p>\n\n\n\n<div style=\"height:20px\" aria-hidden=\"true\" class=\"wp-block-spacer\"><\/div>\n\n\n\n<hr class=\"wp-block-separator has-css-opacity\"\/>\n\n\n\n<p class=\"has-text-align-center has-vivid-red-color has-text-color has-large-font-size\"><strong>Oferta para este equipo<\/strong><\/p>\n\n\n\n<ul class=\"wp-block-list\">\n<li>A\u00f1ade 1 maquina con 50 servicio por &#8211; $35 + $100 + IVU = <strong>$150.53<\/strong><\/li>\n<\/ul>\n\n\n\n<ul class=\"wp-block-list\">\n<li>A\u00f1ade 2\u00a0maquinas con 50 servicio cada equipo por &#8211; $70 + $100 + IVU = <strong>$189.55<\/strong><\/li>\n<\/ul>\n\n\n\n<p class=\"has-text-align-center\"><strong>Maquinas disponibles<\/strong><\/p>\n\n\n\n<p class=\"has-text-align-center\">Popcorn o Algod\u00f3n<\/p>\n\n\n\n<p class=\"has-text-align-center\"><em><strong>Este precio no incluye ni operador ni entrega en el caso que aplique. <\/strong><\/em><\/p>\n\n\n\n<p class=\"has-text-align-center\"><em><strong><a href=\"https:\/\/alquilercasasdebrinco.com\/puertorico\/area-de-cobertura\/\">Verifica los costos de entrega&nbsp;<\/a><\/strong><\/em><strong><em>aqu\u00ed<\/em><\/strong><\/p>\n\n\n\n<p class=\"has-text-align-center\">Para servicios adicionales favor llamarnos al 787-518-9201<\/p>\n\n\n\n<p class=\"has-text-align-center\">Nota: Solo alquilamos las m\u00e1quinas. Usted tiene que tener la mesa listas para cuando llegue el equipo. Recomendamos que la mesa no sea menor de 24 pulgadas ancho por 49 pulgadas de largo para las dos m\u00e1quinas.<\/p>\n\n\n\n<p class=\"has-text-align-center has-small-font-size\">*Esta oferta no aplica a los parques,\nvisita ofertas para parques <a href=\"https:\/\/alquilercasasdebrinco.com\/puertorico\/ofertas-parques\/\">presionando aqu\u00ed<\/a>*<\/p>\n\n\n\n<div style=\"height:20px\" aria-hidden=\"true\" class=\"wp-block-spacer\"><\/div>\n\n\n\n<hr class=\"wp-block-separator has-css-opacity\"\/>\n\n\n\n<div style=\"height:20px\" aria-hidden=\"true\" class=\"wp-block-spacer\"><\/div>\n\n\n<div class=\"wp-block-image\">\n<figure class=\"aligncenter\"><a href=\"https:\/\/alquilercasasdebrinco.com\/reserva\/product\/frozen\/\"><img loading=\"lazy\" decoding=\"async\" width=\"600\" height=\"153\" src=\"https:\/\/alquilercasasdebrinco.com\/puertorico\/wp-content\/uploads\/2015\/03\/reserva-online-grande.gif\" alt=\"reserva-online-grande\" class=\"wp-image-1387\"\/><\/a><\/figure>\n<\/div>\n\n\n<div style=\"height:20px\" aria-hidden=\"true\" class=\"wp-block-spacer\"><\/div>\n\n\n\n<hr class=\"wp-block-separator has-css-opacity\"\/>\n\n\n\n<h1 class=\"wp-block-heading has-text-align-center\">&gt;&gt;<strong>&gt; Fotos del Equipo &lt;&lt;&lt; <\/strong><\/h1>\n\n\n\n<figure class=\"wp-block-gallery has-nested-images columns-default is-cropped wp-block-gallery-1 is-layout-flex wp-block-gallery-is-layout-flex\">\n<figure class=\"wp-block-image size-large\"><a href=\"https:\/\/alquilercasasdebrinco.com\/puertorico\/wp-content\/uploads\/2014\/08\/la-foto-4-2-e1408541952834.jpg\"><img loading=\"lazy\" decoding=\"async\" width=\"1024\" height=\"768\" data-id=\"983\" src=\"https:\/\/alquilercasasdebrinco.com\/puertorico\/wp-content\/uploads\/2014\/08\/la-foto-4-2-1024x768.jpg\" alt=\"\" class=\"wp-image-983\"\/><\/a><\/figure>\n\n\n\n<figure class=\"wp-block-image size-large\"><a href=\"https:\/\/alquilercasasdebrinco.com\/puertorico\/wp-content\/uploads\/2014\/08\/la-foto-2-1-e1408541769572.jpg\"><img loading=\"lazy\" decoding=\"async\" width=\"1024\" height=\"768\" data-id=\"975\" src=\"https:\/\/alquilercasasdebrinco.com\/puertorico\/wp-content\/uploads\/2014\/08\/la-foto-2-1-1024x768.jpg\" alt=\"\" class=\"wp-image-975\"\/><\/a><\/figure>\n\n\n\n<figure class=\"wp-block-image size-large\"><a href=\"https:\/\/alquilercasasdebrinco.com\/puertorico\/wp-content\/uploads\/2014\/08\/la-foto-3-e1408541932308.jpg\"><img loading=\"lazy\" decoding=\"async\" width=\"1024\" height=\"768\" data-id=\"981\" src=\"https:\/\/alquilercasasdebrinco.com\/puertorico\/wp-content\/uploads\/2014\/08\/la-foto-3-1024x768.jpg\" alt=\"\" class=\"wp-image-981\"\/><\/a><\/figure>\n\n\n\n<figure class=\"wp-block-image size-large\"><a href=\"https:\/\/alquilercasasdebrinco.com\/puertorico\/wp-content\/uploads\/2014\/08\/la-foto-3-2-e1408541917634.jpg\"><img loading=\"lazy\" decoding=\"async\" width=\"1024\" height=\"768\" data-id=\"980\" src=\"https:\/\/alquilercasasdebrinco.com\/puertorico\/wp-content\/uploads\/2014\/08\/la-foto-3-2-1024x768.jpg\" alt=\"\" class=\"wp-image-980\"\/><\/a><\/figure>\n\n\n\n<figure class=\"wp-block-image size-large\"><a href=\"https:\/\/alquilercasasdebrinco.com\/puertorico\/wp-content\/uploads\/2014\/08\/la-foto-1-5-e1408541742668.jpg\"><img loading=\"lazy\" decoding=\"async\" width=\"1024\" height=\"768\" data-id=\"974\" src=\"https:\/\/alquilercasasdebrinco.com\/puertorico\/wp-content\/uploads\/2014\/08\/la-foto-1-5-1024x768.jpg\" alt=\"\" class=\"wp-image-974\"\/><\/a><\/figure>\n\n\n\n<figure class=\"wp-block-image size-large\"><a href=\"https:\/\/alquilercasasdebrinco.com\/puertorico\/wp-content\/uploads\/2014\/08\/la-foto-4-e1408541976232.jpg\"><img loading=\"lazy\" decoding=\"async\" width=\"1024\" height=\"768\" data-id=\"984\" src=\"https:\/\/alquilercasasdebrinco.com\/puertorico\/wp-content\/uploads\/2014\/08\/la-foto-4-1024x768.jpg\" alt=\"\" class=\"wp-image-984\"\/><\/a><\/figure>\n\n\n\n<figure class=\"wp-block-image size-large\"><a href=\"https:\/\/alquilercasasdebrinco.com\/puertorico\/wp-content\/uploads\/2014\/08\/la-foto-2-4-e1408541855701.jpg\"><img loading=\"lazy\" decoding=\"async\" width=\"1024\" height=\"768\" data-id=\"978\" src=\"https:\/\/alquilercasasdebrinco.com\/puertorico\/wp-content\/uploads\/2014\/08\/la-foto-2-4-1024x768.jpg\" alt=\"\" class=\"wp-image-978\"\/><\/a><\/figure>\n\n\n\n<figure class=\"wp-block-image size-large\"><a href=\"https:\/\/alquilercasasdebrinco.com\/puertorico\/wp-content\/uploads\/2014\/08\/la-foto-3-1-e1408541894502.jpg\"><img loading=\"lazy\" decoding=\"async\" width=\"1024\" height=\"768\" data-id=\"979\" src=\"https:\/\/alquilercasasdebrinco.com\/puertorico\/wp-content\/uploads\/2014\/08\/la-foto-3-1-1024x768.jpg\" alt=\"\" class=\"wp-image-979\"\/><\/a><\/figure>\n\n\n\n<figure class=\"wp-block-image size-large\"><a href=\"https:\/\/alquilercasasdebrinco.com\/puertorico\/wp-content\/uploads\/2014\/08\/la-foto-2-3-e1408541802727.jpg\"><img loading=\"lazy\" decoding=\"async\" width=\"1024\" height=\"768\" data-id=\"977\" src=\"https:\/\/alquilercasasdebrinco.com\/puertorico\/wp-content\/uploads\/2014\/08\/la-foto-2-3-1024x768.jpg\" alt=\"\" class=\"wp-image-977\"\/><\/a><\/figure>\n<\/figure>\n\n\n\n<div style=\"height:20px\" aria-hidden=\"true\" class=\"wp-block-spacer\"><\/div>\n\n\n\n<hr class=\"wp-block-separator has-css-opacity\"\/>\n\n\n\n<h1 class=\"wp-block-heading has-text-align-center\"><strong> Videos del Equipo en Youtube<\/strong><\/h1>\n\n\n\n<figure class=\"wp-block-embed aligncenter is-type-video is-provider-youtube wp-block-embed-youtube wp-embed-aspect-16-9 wp-has-aspect-ratio\"><div class=\"wp-block-embed__wrapper\">\n<iframe loading=\"lazy\" title=\"Casa de Brinco motivo Frozen\" width=\"500\" height=\"281\" src=\"https:\/\/www.youtube.com\/embed\/XqAe-wg0Z2g?feature=oembed\" frameborder=\"0\" allow=\"accelerometer; autoplay; clipboard-write; encrypted-media; gyroscope; picture-in-picture; web-share\" referrerpolicy=\"strict-origin-when-cross-origin\" allowfullscreen><\/iframe>\n<\/div><\/figure>\n\n\n\n<div style=\"height:20px\" aria-hidden=\"true\" class=\"wp-block-spacer\"><\/div>\n\n\n\n<hr class=\"wp-block-separator has-css-opacity\"\/>\n\n\n\n<p class=\"has-text-align-center\"><strong>Nota Aclaratoria:<\/strong><\/p>\n\n\n\n<p class=\"has-text-align-center\">Visitas nuestra \u00e1rea de <a href=\"https:\/\/alquilercasasdebrinco.com\/puertorico\/pregunta-frecuentes\/\"><strong>Pregunta Frecuentes<\/strong><\/a> aqui tendras la respuesta a todas esas preguntas.<\/p>\n","protected":false},"excerpt":{"rendered":"<p>13&#8217;4&#8243;&nbsp;ancho x 12&#8242;.4&#8243; Largo x 16&#8242; alto &gt;&gt;&gt; Precio del Equipo &lt;&lt;&lt; $100.00 + IVU = $111.50 Lea condiciones abajo sobre el precio ! Capacidad de ni\u00f1os aproximados: 1 a 10 M\u00e1ximo Peso de ni\u00f1os: 20lbs a 125lbs Oferta para este equipo Maquinas disponibles Popcorn o Algod\u00f3n Este precio no incluye ni operador ni entrega &hellip; <a class=\"read-excerpt\" href=\"https:\/\/alquilercasasdebrinco.com\/puertorico\/equipos-y-precios\/frozen\/\">Continue reading <span class=\"meta-nav\">&raquo;<\/span><\/a><\/p>\n","protected":false},"author":1,"featured_media":1812,"parent":6,"menu_order":1,"comment_status":"open","ping_status":"closed","template":"","meta":{"_s2mail":"yes","footnotes":""},"class_list":["post-971","page","type-page","status-publish","has-post-thumbnail","hentry"],"_links":{"self":[{"href":"https:\/\/alquilercasasdebrinco.com\/puertorico\/wp-json\/wp\/v2\/pages\/971","targetHints":{"allow":["GET"]}}],"collection":[{"href":"https:\/\/alquilercasasdebrinco.com\/puertorico\/wp-json\/wp\/v2\/pages"}],"about":[{"href":"https:\/\/alquilercasasdebrinco.com\/puertorico\/wp-json\/wp\/v2\/types\/page"}],"author":[{"embeddable":true,"href":"https:\/\/alquilercasasdebrinco.com\/puertorico\/wp-json\/wp\/v2\/users\/1"}],"replies":[{"embeddable":true,"href":"https:\/\/alquilercasasdebrinco.com\/puertorico\/wp-json\/wp\/v2\/comments?post=971"}],"version-history":[{"count":27,"href":"https:\/\/alquilercasasdebrinco.com\/puertorico\/wp-json\/wp\/v2\/pages\/971\/revisions"}],"predecessor-version":[{"id":3120,"href":"https:\/\/alquilercasasdebrinco.com\/puertorico\/wp-json\/wp\/v2\/pages\/971\/revisions\/3120"}],"up":[{"embeddable":true,"href":"https:\/\/alquilercasasdebrinco.com\/puertorico\/wp-json\/wp\/v2\/pages\/6"}],"wp:featuredmedia":[{"embeddable":true,"href":"https:\/\/alquilercasasdebrinco.com\/puertorico\/wp-json\/wp\/v2\/media\/1812"}],"wp:attachment":[{"href":"https:\/\/alquilercasasdebrinco.com\/puertorico\/wp-json\/wp\/v2\/media?parent=971"}],"curies":[{"name":"wp","href":"https:\/\/api.w.org\/{rel}","templated":true}]}}