{"id":1290,"date":"2014-05-30T16:21:27","date_gmt":"2014-05-30T16:21:27","guid":{"rendered":"http:\/\/alquilercasasdebrinco.com\/reserva\/?page_id=1290"},"modified":"2016-11-02T14:09:37","modified_gmt":"2016-11-02T14:09:37","slug":"como-reservar","status":"publish","type":"page","link":"https:\/\/alquilercasasdebrinco.com\/reserva\/como-reservar\/","title":{"rendered":"\u00bfComo Reservar?"},"content":{"rendered":"<h2 style=\"text-align: center;\">Paso 1:<\/h2>\n<p style=\"text-align: center;\">Selecciona el equipo que m\u00e1s te guste presionando sobre el mismo.<\/p>\n<p style=\"text-align: center;\"><img data-recalc-dims=\"1\" loading=\"lazy\" decoding=\"async\" class=\"alignnone wp-image-1292 size-medium\" src=\"https:\/\/i0.wp.com\/alquilercasasdebrinco.com\/reserva\/wp-content\/uploads\/2014\/05\/la-foto-2-169x300.png?resize=169%2C300\" alt=\"Seleccionar\" width=\"169\" height=\"300\" srcset=\"https:\/\/i0.wp.com\/alquilercasasdebrinco.com\/reserva\/wp-content\/uploads\/2014\/05\/la-foto-2.png?resize=169%2C300&amp;ssl=1 169w, https:\/\/i0.wp.com\/alquilercasasdebrinco.com\/reserva\/wp-content\/uploads\/2014\/05\/la-foto-2.png?resize=576%2C1024&amp;ssl=1 576w, https:\/\/i0.wp.com\/alquilercasasdebrinco.com\/reserva\/wp-content\/uploads\/2014\/05\/la-foto-2.png?w=640&amp;ssl=1 640w\" sizes=\"auto, (max-width: 169px) 100vw, 169px\" \/><\/p>\n<p style=\"text-align: center;\">******************************************<\/p>\n<h2 style=\"text-align: center;\">Paso 2:<\/h2>\n<p style=\"text-align: center;\">Escoja la hora de entrega que necesite y la hora de recogido. En cual pueblo de los que subrimos sera su acitividad y por ultimo la fecha de su actividad.<\/p>\n<p style=\"text-align: center;\"><img data-recalc-dims=\"1\" loading=\"lazy\" decoding=\"async\" class=\"alignnone size-medium wp-image-1937\" src=\"https:\/\/i0.wp.com\/alquilercasasdebrinco.com\/reserva\/wp-content\/uploads\/2014\/05\/escoger-300x201.jpg?resize=300%2C201\" alt=\"escoger\" width=\"300\" height=\"201\" srcset=\"https:\/\/i0.wp.com\/alquilercasasdebrinco.com\/reserva\/wp-content\/uploads\/2014\/05\/escoger.jpg?resize=300%2C201&amp;ssl=1 300w, https:\/\/i0.wp.com\/alquilercasasdebrinco.com\/reserva\/wp-content\/uploads\/2014\/05\/escoger.jpg?w=750&amp;ssl=1 750w\" sizes=\"auto, (max-width: 300px) 100vw, 300px\" \/><\/p>\n<p style=\"text-align: center;\"><strong>Ojo<\/strong> &#8211; si necesita <strong>popcorn<\/strong>, <strong>algodon<\/strong> o <strong>un empleado que asista<\/strong> lo puede escoger cuando le llamen a confirmar su acitividad. Estos servicios adicionales tienen costo extra. <strong>El horario tiene que ser dentro del mismo dia de entrega<\/strong>.<\/p>\n<p style=\"text-align: center;\">******************************************<\/p>\n<h2 style=\"text-align: center;\">Paso 3:<\/h2>\n<p style=\"text-align: center;\">Precionar el boton de \u00ab<strong>a\u00f1adir al carrito<\/strong>\u00ab<\/p>\n<p style=\"text-align: center;\"><img data-recalc-dims=\"1\" loading=\"lazy\" decoding=\"async\" class=\"alignnone wp-image-1604 size-medium\" src=\"https:\/\/i0.wp.com\/alquilercasasdebrinco.com\/reserva\/wp-content\/uploads\/2014\/05\/anadircarrito-300x100.jpg?resize=300%2C100\" alt=\"anadircarrito\" width=\"300\" height=\"100\" srcset=\"https:\/\/i0.wp.com\/alquilercasasdebrinco.com\/reserva\/wp-content\/uploads\/2014\/05\/anadircarrito.jpg?resize=300%2C100&amp;ssl=1 300w, https:\/\/i0.wp.com\/alquilercasasdebrinco.com\/reserva\/wp-content\/uploads\/2014\/05\/anadircarrito.jpg?w=558&amp;ssl=1 558w\" sizes=\"auto, (max-width: 300px) 100vw, 300px\" \/><\/p>\n<p style=\"text-align: center;\">******************************************<\/p>\n<h2 style=\"text-align: center;\">Paso 4:<\/h2>\n<p style=\"text-align: center;\">Verifica las opciones seleccionadas<\/p>\n<p style=\"text-align: center;\"><img data-recalc-dims=\"1\" loading=\"lazy\" decoding=\"async\" class=\"alignnone size-medium wp-image-1939\" src=\"https:\/\/i0.wp.com\/alquilercasasdebrinco.com\/reserva\/wp-content\/uploads\/2014\/05\/opciones-escogidas-218x300.jpg?resize=218%2C300\" alt=\"opciones-escogidas\" width=\"218\" height=\"300\" srcset=\"https:\/\/i0.wp.com\/alquilercasasdebrinco.com\/reserva\/wp-content\/uploads\/2014\/05\/opciones-escogidas.jpg?resize=218%2C300&amp;ssl=1 218w, https:\/\/i0.wp.com\/alquilercasasdebrinco.com\/reserva\/wp-content\/uploads\/2014\/05\/opciones-escogidas.jpg?w=699&amp;ssl=1 699w\" sizes=\"auto, (max-width: 218px) 100vw, 218px\" \/><\/p>\n<p style=\"text-align: center;\">******************************************<\/p>\n<h2 style=\"text-align: center;\">Paso 5:<\/h2>\n<p style=\"text-align: center;\">Verifica el total y preciona \u00ab<strong>Finalizar Compra<\/strong>\u00ab.<\/p>\n<p style=\"text-align: center;\"><img data-recalc-dims=\"1\" loading=\"lazy\" decoding=\"async\" class=\"alignnone size-medium wp-image-1940\" src=\"https:\/\/i0.wp.com\/alquilercasasdebrinco.com\/reserva\/wp-content\/uploads\/2014\/05\/total-300x293.jpg?resize=300%2C293\" alt=\"total\" width=\"300\" height=\"293\" srcset=\"https:\/\/i0.wp.com\/alquilercasasdebrinco.com\/reserva\/wp-content\/uploads\/2014\/05\/total.jpg?resize=300%2C293&amp;ssl=1 300w, https:\/\/i0.wp.com\/alquilercasasdebrinco.com\/reserva\/wp-content\/uploads\/2014\/05\/total.jpg?w=750&amp;ssl=1 750w\" sizes=\"auto, (max-width: 300px) 100vw, 300px\" \/><\/p>\n<p style=\"text-align: center;\">******************************************<\/p>\n<h2 style=\"text-align: center;\">Paso 6:<\/h2>\n<p style=\"text-align: center;\">Llenar toda la informacion requeria las casilla con <strong><span style=\"color: #ff0000;\">* <\/span><\/strong><span style=\"color: #ff0000;\">son obligatorias<\/span><strong><span style=\"color: #ff0000;\">\u00a0<\/span><\/strong><\/p>\n<p style=\"text-align: center;\"><img data-recalc-dims=\"1\" loading=\"lazy\" decoding=\"async\" class=\"alignnone size-medium wp-image-1941\" src=\"https:\/\/i0.wp.com\/alquilercasasdebrinco.com\/reserva\/wp-content\/uploads\/2014\/05\/formulario1-194x300.jpg?resize=194%2C300\" alt=\"formulario1\" width=\"194\" height=\"300\" srcset=\"https:\/\/i0.wp.com\/alquilercasasdebrinco.com\/reserva\/wp-content\/uploads\/2014\/05\/formulario1.jpg?resize=194%2C300&amp;ssl=1 194w, https:\/\/i0.wp.com\/alquilercasasdebrinco.com\/reserva\/wp-content\/uploads\/2014\/05\/formulario1.jpg?w=621&amp;ssl=1 621w\" sizes=\"auto, (max-width: 194px) 100vw, 194px\" \/><\/p>\n<p style=\"text-align: center;\"><img data-recalc-dims=\"1\" loading=\"lazy\" decoding=\"async\" class=\"alignnone size-medium wp-image-1942\" src=\"https:\/\/i0.wp.com\/alquilercasasdebrinco.com\/reserva\/wp-content\/uploads\/2014\/05\/formulario2-300x66.jpg?resize=300%2C66\" alt=\"formulario2\" width=\"300\" height=\"66\" srcset=\"https:\/\/i0.wp.com\/alquilercasasdebrinco.com\/reserva\/wp-content\/uploads\/2014\/05\/formulario2.jpg?resize=300%2C66&amp;ssl=1 300w, https:\/\/i0.wp.com\/alquilercasasdebrinco.com\/reserva\/wp-content\/uploads\/2014\/05\/formulario2.jpg?w=750&amp;ssl=1 750w\" sizes=\"auto, (max-width: 300px) 100vw, 300px\" \/><\/p>\n<p style=\"text-align: center;\">******************************************<\/p>\n<h2 style=\"text-align: center;\">Paso 7:<\/h2>\n<p style=\"text-align: center;\">Si quieres crear una cuenta con nosotros debes seleccionar este encasillado.<\/p>\n<p style=\"text-align: center;\"><img data-recalc-dims=\"1\" loading=\"lazy\" decoding=\"async\" class=\"alignnone size-medium wp-image-1943\" src=\"https:\/\/i0.wp.com\/alquilercasasdebrinco.com\/reserva\/wp-content\/uploads\/2014\/05\/crear-cuenta-300x65.jpg?resize=300%2C65\" alt=\"crear-cuenta\" width=\"300\" height=\"65\" srcset=\"https:\/\/i0.wp.com\/alquilercasasdebrinco.com\/reserva\/wp-content\/uploads\/2014\/05\/crear-cuenta.jpg?resize=300%2C65&amp;ssl=1 300w, https:\/\/i0.wp.com\/alquilercasasdebrinco.com\/reserva\/wp-content\/uploads\/2014\/05\/crear-cuenta.jpg?w=452&amp;ssl=1 452w\" sizes=\"auto, (max-width: 300px) 100vw, 300px\" \/><\/p>\n<p style=\"text-align: center;\">******************************************<\/p>\n<h2 style=\"text-align: center;\">Paso 8:<\/h2>\n<p style=\"text-align: center;\">Si tienes otra direcci\u00f3n para \u00e9l envi\u00f3 o alguna nota adicional que necesites decirnos esta es la \u00e1rea para esto.<\/p>\n<p style=\"text-align: center;\"><img data-recalc-dims=\"1\" loading=\"lazy\" decoding=\"async\" class=\"alignnone size-medium wp-image-1946\" src=\"https:\/\/i0.wp.com\/alquilercasasdebrinco.com\/reserva\/wp-content\/uploads\/2014\/05\/14937840_10157815692705089_298012899_n-300x174.jpg?resize=300%2C174\" alt=\"envia direccion\" width=\"300\" height=\"174\" srcset=\"https:\/\/i0.wp.com\/alquilercasasdebrinco.com\/reserva\/wp-content\/uploads\/2014\/05\/14937840_10157815692705089_298012899_n.jpg?resize=300%2C174&amp;ssl=1 300w, https:\/\/i0.wp.com\/alquilercasasdebrinco.com\/reserva\/wp-content\/uploads\/2014\/05\/14937840_10157815692705089_298012899_n.jpg?w=750&amp;ssl=1 750w\" sizes=\"auto, (max-width: 300px) 100vw, 300px\" \/><\/p>\n<p style=\"text-align: center;\">******************************************<\/p>\n<h2 style=\"text-align: center;\">Paso 9:<\/h2>\n<p style=\"text-align: center;\">Selecciona el tipo de envi\u00f3. <strong>Recogido<\/strong> en el almac\u00e9n o <strong>Entregado<\/strong> a tu actividad.<\/p>\n<p style=\"text-align: center;\"><img data-recalc-dims=\"1\" loading=\"lazy\" decoding=\"async\" class=\"alignnone wp-image-1609 size-medium\" src=\"https:\/\/i0.wp.com\/alquilercasasdebrinco.com\/reserva\/wp-content\/uploads\/2014\/05\/08-300x228.jpg?resize=300%2C228\" alt=\"08\" width=\"300\" height=\"228\" srcset=\"https:\/\/i0.wp.com\/alquilercasasdebrinco.com\/reserva\/wp-content\/uploads\/2014\/05\/08.jpg?resize=300%2C228&amp;ssl=1 300w, https:\/\/i0.wp.com\/alquilercasasdebrinco.com\/reserva\/wp-content\/uploads\/2014\/05\/08.jpg?w=436&amp;ssl=1 436w\" sizes=\"auto, (max-width: 300px) 100vw, 300px\" \/><\/p>\n<p style=\"text-align: center;\">******************************************<\/p>\n<h2 style=\"text-align: center;\"><\/h2>\n<h2 style=\"text-align: center;\">Paso 10:<\/h2>\n<p style=\"text-align: center;\">Escoge el tipo de pago. <strong>PayPal<\/strong> (se tiene que pagar completo) o <strong>Dinero al entregar<\/strong> (Se pide un dep\u00f3sito de $25.00 y el restante seria para el d\u00eda de la actividad al entregar los equipos) Si escoges esta ultima opci\u00f3n un representante le estar\u00e1 llamando para coordinar el deposito. Las opciones pueden ser paypal, Aplicaci\u00f3n ATH Movil, Deposito en Banco Popular, Encontrarse en Rio Hondo los Lunes de 5pm a 6:30pm, Encontrarse en Plaza las Am\u00e9ricas los Mi\u00e9rcoles de 5pm a 6:30pm o ir al almac\u00e9n en Toa Baja.<\/p>\n<p style=\"text-align: center;\"><img data-recalc-dims=\"1\" loading=\"lazy\" decoding=\"async\" class=\"alignnone wp-image-1610 size-medium\" src=\"https:\/\/i0.wp.com\/alquilercasasdebrinco.com\/reserva\/wp-content\/uploads\/2014\/05\/09-281x300.jpg?resize=281%2C300\" alt=\"09\" width=\"281\" height=\"300\" srcset=\"https:\/\/i0.wp.com\/alquilercasasdebrinco.com\/reserva\/wp-content\/uploads\/2014\/05\/09.jpg?resize=281%2C300&amp;ssl=1 281w, https:\/\/i0.wp.com\/alquilercasasdebrinco.com\/reserva\/wp-content\/uploads\/2014\/05\/09.jpg?w=392&amp;ssl=1 392w\" sizes=\"auto, (max-width: 281px) 100vw, 281px\" \/><\/p>\n<p style=\"text-align: center;\">******************************************<\/p>\n<h2 style=\"text-align: center;\">Paso 11:<\/h2>\n<p style=\"text-align: center;\">Aqu\u00ed puedes ver nuestros t\u00e9rminos y condiciones d\u00e1ndole click a \u201c<strong>terminos y condiciones<\/strong>\u201d <em>si est\u00e1 de acuerdo<\/em>\u00a0selecciona el boton <img data-recalc-dims=\"1\" loading=\"lazy\" decoding=\"async\" class=\"alignnone wp-image-1611 size-medium\" src=\"https:\/\/i0.wp.com\/alquilercasasdebrinco.com\/reserva\/wp-content\/uploads\/2014\/05\/10-300x147.jpg?resize=300%2C147\" alt=\"10\" width=\"300\" height=\"147\" srcset=\"https:\/\/i0.wp.com\/alquilercasasdebrinco.com\/reserva\/wp-content\/uploads\/2014\/05\/10.jpg?resize=300%2C147&amp;ssl=1 300w, https:\/\/i0.wp.com\/alquilercasasdebrinco.com\/reserva\/wp-content\/uploads\/2014\/05\/10.jpg?w=392&amp;ssl=1 392w\" sizes=\"auto, (max-width: 300px) 100vw, 300px\" \/><\/p>\n<p style=\"text-align: center;\">******************************************<\/p>\n<h2 style=\"text-align: center;\">Paso 12:<\/h2>\n<p style=\"text-align: center;\">Preciona sobre el boton \u201c<strong>Realizar el pedido<\/strong>\u201d si todo esta correcto un representante le estar\u00e1 llamando para dejarle saber que todo fue procesado exitosamente.<\/p>\n<p style=\"text-align: center;\"><img data-recalc-dims=\"1\" loading=\"lazy\" decoding=\"async\" class=\"alignnone wp-image-1612 size-medium\" src=\"https:\/\/i0.wp.com\/alquilercasasdebrinco.com\/reserva\/wp-content\/uploads\/2014\/05\/111-300x147.jpg?resize=300%2C147\" alt=\"11\" width=\"300\" height=\"147\" srcset=\"https:\/\/i0.wp.com\/alquilercasasdebrinco.com\/reserva\/wp-content\/uploads\/2014\/05\/111.jpg?resize=300%2C147&amp;ssl=1 300w, https:\/\/i0.wp.com\/alquilercasasdebrinco.com\/reserva\/wp-content\/uploads\/2014\/05\/111.jpg?w=392&amp;ssl=1 392w\" sizes=\"auto, (max-width: 300px) 100vw, 300px\" \/><\/p>\n<p style=\"text-align: center;\"><strong>Nota: Esta orden est\u00e1 sujeta a disponibilidad final del representante cuando le llame.<\/strong><\/p>\n","protected":false},"excerpt":{"rendered":"<p>Paso 1: Selecciona el equipo que m\u00e1s te guste presionando sobre el mismo. ****************************************** Paso 2: Escoja la hora de entrega que necesite y la hora de recogido. En cual pueblo de los que subrimos sera su acitividad y por ultimo la fecha de su actividad. Ojo &#8211; si necesita popcorn, algodon o un empleado &hellip; <a href=\"https:\/\/alquilercasasdebrinco.com\/reserva\/como-reservar\/\" class=\"more-link\">Seguir leyendo <span class=\"screen-reader-text\">\u00bfComo Reservar?<\/span> <span class=\"meta-nav\">&rarr;<\/span><\/a><\/p>\n","protected":false},"author":1,"featured_media":0,"parent":0,"menu_order":0,"comment_status":"closed","ping_status":"closed","template":"","meta":{"footnotes":""},"class_list":["post-1290","page","type-page","status-publish","hentry"],"_links":{"self":[{"href":"https:\/\/alquilercasasdebrinco.com\/reserva\/wp-json\/wp\/v2\/pages\/1290","targetHints":{"allow":["GET"]}}],"collection":[{"href":"https:\/\/alquilercasasdebrinco.com\/reserva\/wp-json\/wp\/v2\/pages"}],"about":[{"href":"https:\/\/alquilercasasdebrinco.com\/reserva\/wp-json\/wp\/v2\/types\/page"}],"author":[{"embeddable":true,"href":"https:\/\/alquilercasasdebrinco.com\/reserva\/wp-json\/wp\/v2\/users\/1"}],"replies":[{"embeddable":true,"href":"https:\/\/alquilercasasdebrinco.com\/reserva\/wp-json\/wp\/v2\/comments?post=1290"}],"version-history":[{"count":0,"href":"https:\/\/alquilercasasdebrinco.com\/reserva\/wp-json\/wp\/v2\/pages\/1290\/revisions"}],"wp:attachment":[{"href":"https:\/\/alquilercasasdebrinco.com\/reserva\/wp-json\/wp\/v2\/media?parent=1290"}],"curies":[{"name":"wp","href":"https:\/\/api.w.org\/{rel}","templated":true}]}}