{"id":949,"date":"2014-05-28T00:58:45","date_gmt":"2014-05-28T00:58:45","guid":{"rendered":"http:\/\/alquilercasasdebrinco.com\/reserva\/product\/maquina-de-algodon\/"},"modified":"2018-10-12T03:33:43","modified_gmt":"2018-10-12T03:33:43","slug":"maquina-de-algodon","status":"publish","type":"product","link":"https:\/\/alquilercasasdebrinco.com\/reserva\/product\/maquina-de-algodon\/","title":{"rendered":"Maquina de Algodon"},"content":{"rendered":"<p>El equipo entregado puede variar al visto en la foto. Depende de disponibilidad al momento de entregar. <span style=\"text-decoration: underline;\"><strong>NO<\/strong><\/span> est\u00e1 incluido en la renta, ni la mesa, ni los manteles. Usted tiene que tener un \u00e1rea designada para este equipo. Si usted necesita un operador sepa que <strong>tiene un costo adicional<\/strong>. Llamenos al 787-518-9201 para mas informacion.<\/p>\n<h3>Tipo de Maquina:<\/h3>\n<p>Equipo Comercial<\/p>\n<h3>Edad de Uso:<\/h3>\n<p>Uso para mayores de 18 a\u00f1os<\/p>\n<h3>Precauci\u00f3n:<\/h3>\n<p>Al utilizar este equipo tiene que tener cuidado con el centro de la maquina la cual da vuelta. En ningun momento le puede pegar ni la mano, ni el palito. La misma es muy caliente y puede causar da\u00f1os si se toca. Mantener ni\u00f1os fuera del \u00e1rea cuando este equipo est\u00e1 en uso o con supervisi\u00f3n en todo momento.<\/p>\n<h3>Tipo de Actividades:<\/h3>\n<p>Cumplea\u00f1os, Actividades Corporativa, Campamentos, Cuidos de Ni\u00f1os, Escuelas, etc&#8230;<\/p>\n","protected":false},"excerpt":{"rendered":"<p>El equipo entregado puede variar al visto en la foto. Depende de disponibilidad al momento de entregar. NO est\u00e1 incluido en la renta, ni la mesa, ni los manteles. Usted tiene que tener un \u00e1rea designada para este equipo. Si usted necesita un operador sepa que tiene un costo adicional. Llamenos al 787-518-9201 para mas &hellip; <a href=\"https:\/\/alquilercasasdebrinco.com\/reserva\/product\/maquina-de-algodon\/\" class=\"more-link\">Seguir leyendo <span class=\"screen-reader-text\">Maquina de Algodon<\/span> <span class=\"meta-nav\">&rarr;<\/span><\/a><\/p>\n","protected":false},"featured_media":997,"template":"","meta":[],"product_brand":[],"product_cat":[27],"product_tag":[],"class_list":{"0":"post-949","1":"product","2":"type-product","3":"status-publish","4":"has-post-thumbnail","6":"product_cat-equipos-adicionales","7":"product_shipping_class-recogido-almacen","9":"first","10":"instock","11":"taxable","12":"shipping-taxable","13":"purchasable","14":"product-type-variable"},"_links":{"self":[{"href":"https:\/\/alquilercasasdebrinco.com\/reserva\/wp-json\/wp\/v2\/product\/949","targetHints":{"allow":["GET"]}}],"collection":[{"href":"https:\/\/alquilercasasdebrinco.com\/reserva\/wp-json\/wp\/v2\/product"}],"about":[{"href":"https:\/\/alquilercasasdebrinco.com\/reserva\/wp-json\/wp\/v2\/types\/product"}],"wp:featuredmedia":[{"embeddable":true,"href":"https:\/\/alquilercasasdebrinco.com\/reserva\/wp-json\/wp\/v2\/media\/997"}],"wp:attachment":[{"href":"https:\/\/alquilercasasdebrinco.com\/reserva\/wp-json\/wp\/v2\/media?parent=949"}],"wp:term":[{"taxonomy":"product_brand","embeddable":true,"href":"https:\/\/alquilercasasdebrinco.com\/reserva\/wp-json\/wp\/v2\/product_brand?post=949"},{"taxonomy":"product_cat","embeddable":true,"href":"https:\/\/alquilercasasdebrinco.com\/reserva\/wp-json\/wp\/v2\/product_cat?post=949"},{"taxonomy":"product_tag","embeddable":true,"href":"https:\/\/alquilercasasdebrinco.com\/reserva\/wp-json\/wp\/v2\/product_tag?post=949"}],"curies":[{"name":"wp","href":"https:\/\/api.w.org\/{rel}","templated":true}]}}